{"id":2126,"date":"2019-11-08T10:44:15","date_gmt":"2019-11-08T09:44:15","guid":{"rendered":"https:\/\/www.domainedeboischampt.fr\/contact-us\/"},"modified":"2024-09-09T11:50:34","modified_gmt":"2024-09-09T09:50:34","slug":"contact-us","status":"publish","type":"page","link":"https:\/\/www.domainedeboischampt.fr\/en\/contact-us\/","title":{"rendered":"Contact-us"},"content":{"rendered":"<div class=\"column-2\">\n<div>\n<p><strong>Domaine de Boischampt<\/strong><br \/>\n593 Chemin des Vignes<br \/>\n69840 &#8211; JULLI\u00c9<br \/>\nFRANCE<\/p>\n<p><strong>Technique : 06 98 15 66 68<\/strong><\/p>\n<p><strong>Commercial : 06 98 15 39 62<\/strong><\/p>\n<h2>Nous situer<\/h2>\n<p><iframe loading=\"lazy\" style=\"border: 0;\" src=\"https:\/\/www.google.com\/maps\/embed?pb=!1m18!1m12!1m3!1d11038.176627775785!2d4.6769838609858825!3d46.23940909381069!2m3!1f0!2f0!3f0!3m2!1i1024!2i768!4f13.1!3m3!1m2!1s0x47f37917cd15a371%3A0xc3dd14097c651646!2sDomaine+de+Boischampt!5e0!3m2!1sfr!2sfr!4v1564046058837!5m2!1sfr!2sfr\" width=\"600\" height=\"450\" frameborder=\"0\" allowfullscreen=\"allowfullscreen\"><\/iframe><\/p>\n<\/div>\n<div>\n<div class=\"wpcf7 no-js\" id=\"wpcf7-f17772-o1\" lang=\"en-US\" dir=\"ltr\">\n<div class=\"screen-reader-response\"><p role=\"status\" aria-live=\"polite\" aria-atomic=\"true\"><\/p> <ul><\/ul><\/div>\n<form action=\"\/en\/wp-json\/wp\/v2\/pages\/2126#wpcf7-f17772-o1\" method=\"post\" class=\"wpcf7-form init\" aria-label=\"Contact form\" novalidate=\"novalidate\" data-status=\"init\">\n<div style=\"display: none;\">\n<input type=\"hidden\" name=\"_wpcf7\" value=\"17772\" \/>\n<input type=\"hidden\" name=\"_wpcf7_version\" value=\"5.9.8\" \/>\n<input type=\"hidden\" name=\"_wpcf7_locale\" value=\"en_US\" \/>\n<input type=\"hidden\" name=\"_wpcf7_unit_tag\" value=\"wpcf7-f17772-o1\" \/>\n<input type=\"hidden\" name=\"_wpcf7_container_post\" value=\"0\" \/>\n<input type=\"hidden\" name=\"_wpcf7_posted_data_hash\" value=\"\" \/>\n<input type=\"hidden\" name=\"_wpcf7_recaptcha_response\" value=\"\" \/>\n<\/div>\n<p><label> Your Name (required)<br \/>\n<span class=\"wpcf7-form-control-wrap\" data-name=\"your-name\"><input size=\"40\" maxlength=\"400\" class=\"wpcf7-form-control wpcf7-text wpcf7-validates-as-required\" aria-required=\"true\" aria-invalid=\"false\" value=\"\" type=\"text\" name=\"your-name\" \/><\/span> <\/label>\n<\/p>\n<p><label> Your e-mail (required)<br \/>\n<span class=\"wpcf7-form-control-wrap\" data-name=\"your-email\"><input size=\"40\" maxlength=\"400\" class=\"wpcf7-form-control wpcf7-email wpcf7-validates-as-required wpcf7-text wpcf7-validates-as-email\" aria-required=\"true\" aria-invalid=\"false\" value=\"\" type=\"email\" name=\"your-email\" \/><\/span> <\/label>\n<\/p>\n<p><label> Your phone<br \/>\n<span class=\"wpcf7-form-control-wrap\" data-name=\"your-phone\"><input size=\"40\" maxlength=\"400\" class=\"wpcf7-form-control wpcf7-tel wpcf7-text wpcf7-validates-as-tel\" aria-invalid=\"false\" value=\"\" type=\"tel\" name=\"your-phone\" \/><\/span> <\/label>\n<\/p>\n<p><label> Subject<br \/>\n<span class=\"wpcf7-form-control-wrap\" data-name=\"your-subject\"><input size=\"40\" maxlength=\"400\" class=\"wpcf7-form-control wpcf7-text\" aria-invalid=\"false\" value=\"\" type=\"text\" name=\"your-subject\" \/><\/span> <\/label>\n<\/p>\n<p><label> Your message<br \/>\n<span class=\"wpcf7-form-control-wrap\" data-name=\"your-message\"><textarea cols=\"40\" rows=\"10\" maxlength=\"2000\" class=\"wpcf7-form-control wpcf7-textarea\" aria-invalid=\"false\" name=\"your-message\"><\/textarea><\/span> <\/label>\n<\/p>\n<p><input class=\"wpcf7-form-control wpcf7-submit has-spinner\" type=\"submit\" value=\"Send\" \/>\n<\/p><div class=\"wpcf7-response-output\" aria-hidden=\"true\"><\/div>\n<\/form>\n<\/div>\n<\/div>\n<\/div>\n<p><em style=\"font-size: 0.8em; line-height: 0.9em;\">Nous vous informons qu\u2019au titre du respect de la r\u00e8glement europ\u00e9enne sur la protection des donn\u00e9es (RGPD), les informations communiqu\u00e9es par vos soins via ce formulaire permettent le traitement de votre demande. Elles sont transmises de mani\u00e8re s\u00e9curis\u00e9e \u00e0 l&#8217;\u00e9diteur du site internet et stock\u00e9es dans un syst\u00e8me informatique s\u00e9curis\u00e9 install\u00e9 sur le territoire fran\u00e7ais. <b>Elles ne seront pas c\u00e9d\u00e9es \u00e0 des tiers, que ce soit \u00e0 titre on\u00e9reux ou gratuit<\/b>. Vous disposez des droits d\u2019acc\u00e8s, de rectification et de suppression des informations vous concernant. Vous pouvez exercer ce droit en nous contactant directement via ce formulaire : <a href=\"\">Contactez-nous<\/a><\/em><\/p>\n<p><em style=\"font-size: 0.8em; line-height: 0.9em;\">Vous pouvez \u00e9galement en savoir plus sur la <a href=\"https:\/\/www.domainedeboischampt.fr\/politique-de-confidentialite-et-dutilisation-des-donnees-personnelles-rgpd\/\">protection des donn\u00e9es<\/a> gr\u00e2ce \u00e0 notre page d&#8217;informations sur les <a href=\"https:\/\/www.domainedeboischampt.fr\/mentions-legales\/\">mentions l\u00e9gales<\/a> et sur les <a href=\"https:\/\/www.domainedeboischampt.fr\/utilisation-des-cookies\/\">cookies<\/a>.<\/em><\/p>\n","protected":false},"excerpt":{"rendered":"<p>&#8211; Technique : Commercial : 06 98 15 39 62 Nous situer Nous vous informons qu\u2019au titre du respect de &hellip;<\/p>\n","protected":false},"author":2,"featured_media":0,"parent":0,"menu_order":0,"comment_status":"closed","ping_status":"closed","template":"","meta":{"_acf_changed":false,"footnotes":""},"class_list":["post-2126","page","type-page","status-publish","hentry"],"acf":[],"yoast_head":"<!-- This site is optimized with the Yoast SEO plugin v23.5 - https:\/\/yoast.com\/wordpress\/plugins\/seo\/ -->\n<title>Contact-us - Domaine de Boischampt - Organic vineyard of Beaujolais<\/title>\n<meta name=\"description\" content=\"Contact the Domaine de Boischampt, producer of Beaujolais organic wines: Juli\u00e9nas, Saint Amour, AOC Beaujolais Villages, Fleurie, ..\" \/>\n<meta name=\"robots\" content=\"index, follow, max-snippet:-1, max-image-preview:large, max-video-preview:-1\" \/>\n<link rel=\"canonical\" href=\"https:\/\/www.domainedeboischampt.fr\/en\/contact-us\/\" \/>\n<meta property=\"og:locale\" content=\"en_US\" \/>\n<meta property=\"og:type\" content=\"article\" \/>\n<meta property=\"og:title\" content=\"Contact-us - Domaine de Boischampt - Organic vineyard of Beaujolais\" \/>\n<meta property=\"og:description\" content=\"Contact the Domaine de Boischampt, producer of Beaujolais organic wines: Juli\u00e9nas, Saint Amour, AOC Beaujolais Villages, Fleurie, ..\" \/>\n<meta property=\"og:url\" content=\"https:\/\/www.domainedeboischampt.fr\/en\/contact-us\/\" \/>\n<meta property=\"og:site_name\" content=\"Domaine de Boischampt\" \/>\n<meta property=\"article:modified_time\" content=\"2024-09-09T09:50:34+00:00\" \/>\n<meta name=\"twitter:card\" content=\"summary_large_image\" \/>\n<meta name=\"twitter:label1\" content=\"Est. reading time\" \/>\n\t<meta name=\"twitter:data1\" content=\"1 minute\" \/>\n<script type=\"application\/ld+json\" class=\"yoast-schema-graph\">{\"@context\":\"https:\/\/schema.org\",\"@graph\":[{\"@type\":\"WebPage\",\"@id\":\"https:\/\/www.domainedeboischampt.fr\/en\/contact-us\/\",\"url\":\"https:\/\/www.domainedeboischampt.fr\/en\/contact-us\/\",\"name\":\"Contact-us - Domaine de Boischampt - Organic vineyard of Beaujolais\",\"isPartOf\":{\"@id\":\"https:\/\/www.domainedeboischampt.fr\/en\/#website\"},\"datePublished\":\"2019-11-08T09:44:15+00:00\",\"dateModified\":\"2024-09-09T09:50:34+00:00\",\"description\":\"Contact the Domaine de Boischampt, producer of Beaujolais organic wines: Juli\u00e9nas, Saint Amour, AOC Beaujolais Villages, Fleurie, ..\",\"breadcrumb\":{\"@id\":\"https:\/\/www.domainedeboischampt.fr\/en\/contact-us\/#breadcrumb\"},\"inLanguage\":\"en-US\",\"potentialAction\":[{\"@type\":\"ReadAction\",\"target\":[\"https:\/\/www.domainedeboischampt.fr\/en\/contact-us\/\"]}]},{\"@type\":\"BreadcrumbList\",\"@id\":\"https:\/\/www.domainedeboischampt.fr\/en\/contact-us\/#breadcrumb\",\"itemListElement\":[{\"@type\":\"ListItem\",\"position\":1,\"name\":\"Home\",\"item\":\"https:\/\/www.domainedeboischampt.fr\/en\/\"},{\"@type\":\"ListItem\",\"position\":2,\"name\":\"Contact-us\"}]},{\"@type\":\"WebSite\",\"@id\":\"https:\/\/www.domainedeboischampt.fr\/en\/#website\",\"url\":\"https:\/\/www.domainedeboischampt.fr\/en\/\",\"name\":\"Domaine de Boischampt\",\"description\":\"\",\"publisher\":{\"@id\":\"https:\/\/www.domainedeboischampt.fr\/en\/#organization\"},\"potentialAction\":[{\"@type\":\"SearchAction\",\"target\":{\"@type\":\"EntryPoint\",\"urlTemplate\":\"https:\/\/www.domainedeboischampt.fr\/en\/?s={search_term_string}\"},\"query-input\":{\"@type\":\"PropertyValueSpecification\",\"valueRequired\":true,\"valueName\":\"search_term_string\"}}],\"inLanguage\":\"en-US\"},{\"@type\":\"Organization\",\"@id\":\"https:\/\/www.domainedeboischampt.fr\/en\/#organization\",\"name\":\"Domaine de Boischampt\",\"url\":\"https:\/\/www.domainedeboischampt.fr\/en\/\",\"logo\":{\"@type\":\"ImageObject\",\"inLanguage\":\"en-US\",\"@id\":\"https:\/\/www.domainedeboischampt.fr\/en\/#\/schema\/logo\/image\/\",\"url\":\"https:\/\/www.domainedeboischampt.fr\/contenu\/uploads\/2019\/10\/domaine-de-boischampt-logo-admin.png\",\"contentUrl\":\"https:\/\/www.domainedeboischampt.fr\/contenu\/uploads\/2019\/10\/domaine-de-boischampt-logo-admin.png\",\"width\":512,\"height\":512,\"caption\":\"Domaine de Boischampt\"},\"image\":{\"@id\":\"https:\/\/www.domainedeboischampt.fr\/en\/#\/schema\/logo\/image\/\"}}]}<\/script>\n<!-- \/ Yoast SEO plugin. -->","yoast_head_json":{"title":"Contact-us - Domaine de Boischampt - Organic vineyard of Beaujolais","description":"Contact the Domaine de Boischampt, producer of Beaujolais organic wines: Juli\u00e9nas, Saint Amour, AOC Beaujolais Villages, Fleurie, ..","robots":{"index":"index","follow":"follow","max-snippet":"max-snippet:-1","max-image-preview":"max-image-preview:large","max-video-preview":"max-video-preview:-1"},"canonical":"https:\/\/www.domainedeboischampt.fr\/en\/contact-us\/","og_locale":"en_US","og_type":"article","og_title":"Contact-us - Domaine de Boischampt - Organic vineyard of Beaujolais","og_description":"Contact the Domaine de Boischampt, producer of Beaujolais organic wines: Juli\u00e9nas, Saint Amour, AOC Beaujolais Villages, Fleurie, ..","og_url":"https:\/\/www.domainedeboischampt.fr\/en\/contact-us\/","og_site_name":"Domaine de Boischampt","article_modified_time":"2024-09-09T09:50:34+00:00","twitter_card":"summary_large_image","twitter_misc":{"Est. reading time":"1 minute"},"schema":{"@context":"https:\/\/schema.org","@graph":[{"@type":"WebPage","@id":"https:\/\/www.domainedeboischampt.fr\/en\/contact-us\/","url":"https:\/\/www.domainedeboischampt.fr\/en\/contact-us\/","name":"Contact-us - Domaine de Boischampt - Organic vineyard of Beaujolais","isPartOf":{"@id":"https:\/\/www.domainedeboischampt.fr\/en\/#website"},"datePublished":"2019-11-08T09:44:15+00:00","dateModified":"2024-09-09T09:50:34+00:00","description":"Contact the Domaine de Boischampt, producer of Beaujolais organic wines: Juli\u00e9nas, Saint Amour, AOC Beaujolais Villages, Fleurie, ..","breadcrumb":{"@id":"https:\/\/www.domainedeboischampt.fr\/en\/contact-us\/#breadcrumb"},"inLanguage":"en-US","potentialAction":[{"@type":"ReadAction","target":["https:\/\/www.domainedeboischampt.fr\/en\/contact-us\/"]}]},{"@type":"BreadcrumbList","@id":"https:\/\/www.domainedeboischampt.fr\/en\/contact-us\/#breadcrumb","itemListElement":[{"@type":"ListItem","position":1,"name":"Home","item":"https:\/\/www.domainedeboischampt.fr\/en\/"},{"@type":"ListItem","position":2,"name":"Contact-us"}]},{"@type":"WebSite","@id":"https:\/\/www.domainedeboischampt.fr\/en\/#website","url":"https:\/\/www.domainedeboischampt.fr\/en\/","name":"Domaine de Boischampt","description":"","publisher":{"@id":"https:\/\/www.domainedeboischampt.fr\/en\/#organization"},"potentialAction":[{"@type":"SearchAction","target":{"@type":"EntryPoint","urlTemplate":"https:\/\/www.domainedeboischampt.fr\/en\/?s={search_term_string}"},"query-input":{"@type":"PropertyValueSpecification","valueRequired":true,"valueName":"search_term_string"}}],"inLanguage":"en-US"},{"@type":"Organization","@id":"https:\/\/www.domainedeboischampt.fr\/en\/#organization","name":"Domaine de Boischampt","url":"https:\/\/www.domainedeboischampt.fr\/en\/","logo":{"@type":"ImageObject","inLanguage":"en-US","@id":"https:\/\/www.domainedeboischampt.fr\/en\/#\/schema\/logo\/image\/","url":"https:\/\/www.domainedeboischampt.fr\/contenu\/uploads\/2019\/10\/domaine-de-boischampt-logo-admin.png","contentUrl":"https:\/\/www.domainedeboischampt.fr\/contenu\/uploads\/2019\/10\/domaine-de-boischampt-logo-admin.png","width":512,"height":512,"caption":"Domaine de Boischampt"},"image":{"@id":"https:\/\/www.domainedeboischampt.fr\/en\/#\/schema\/logo\/image\/"}}]}},"_links":{"self":[{"href":"https:\/\/www.domainedeboischampt.fr\/en\/wp-json\/wp\/v2\/pages\/2126","targetHints":{"allow":["GET"]}}],"collection":[{"href":"https:\/\/www.domainedeboischampt.fr\/en\/wp-json\/wp\/v2\/pages"}],"about":[{"href":"https:\/\/www.domainedeboischampt.fr\/en\/wp-json\/wp\/v2\/types\/page"}],"author":[{"embeddable":true,"href":"https:\/\/www.domainedeboischampt.fr\/en\/wp-json\/wp\/v2\/users\/2"}],"replies":[{"embeddable":true,"href":"https:\/\/www.domainedeboischampt.fr\/en\/wp-json\/wp\/v2\/comments?post=2126"}],"version-history":[{"count":1,"href":"https:\/\/www.domainedeboischampt.fr\/en\/wp-json\/wp\/v2\/pages\/2126\/revisions"}],"predecessor-version":[{"id":17773,"href":"https:\/\/www.domainedeboischampt.fr\/en\/wp-json\/wp\/v2\/pages\/2126\/revisions\/17773"}],"wp:attachment":[{"href":"https:\/\/www.domainedeboischampt.fr\/en\/wp-json\/wp\/v2\/media?parent=2126"}],"curies":[{"name":"wp","href":"https:\/\/api.w.org\/{rel}","templated":true}]}}