{"id":2150,"date":"2019-11-08T11:12:09","date_gmt":"2019-11-08T10:12:09","guid":{"rendered":"https:\/\/www.domainedeboischampt.fr\/legal-notices\/"},"modified":"2019-11-08T11:12:09","modified_gmt":"2019-11-08T10:12:09","slug":"legal-notices","status":"publish","type":"page","link":"https:\/\/www.domainedeboischampt.fr\/en\/legal-notices\/","title":{"rendered":"Legal notices"},"content":{"rendered":"<h3>1. Mentions l\u00e9gales<\/h3>\n<p>Le site https:\/\/www.domainedeboischampt.fr est \u00e9dit\u00e9 par <strong>Domaine de Boischampt, SAS au capital de 140 000,00 \u20ac,<\/strong> entreprise r\u00e9pertori\u00e9e dans SIRENE sous le num\u00e9ro d\u2019immatriculation <strong>412 988 586<\/strong> aupr\u00e8s du <strong>RCS de Chalon-sur-Sa\u00f4ne<\/strong> et dont le si\u00e8ge social est situ\u00e9 au <strong>593 Chemin des Vignes, 69840 JULLI\u00c9<\/strong>.<\/p>\n<p>N\u00b0 de TVA intracommunautaire : <strong>FR 96 412988586<\/strong>.<\/p>\n<p>Directeur de la publication : <strong>Antoine ROMERO<\/strong><\/p>\n<p>Responsable du fichier des donn\u00e9es personnelles : <strong>Antoine ROMERO<\/strong><\/p>\n<p>Le site a \u00e9t\u00e9 r\u00e9alis\u00e9 par la soci\u00e9t\u00e9 Publigo, 35 rue de Bordes 71500 LOUHANS.<\/p>\n<p>Le site est h\u00e9berg\u00e9 par OVH, 2 rue kellermann BP 80157 59053 ROUBAIX Cedex 1.<\/p>\nLe pr\u00e9sent site est dispens\u00e9 de d\u00e9claration aupr\u00e8s de l\u2019autorit\u00e9 fran\u00e7aise de protection des donn\u00e9es personnelles (la Commission Nationale de l\u2019Informatique et des Libert\u00e9s \u2013 CNIL) selon la d\u00e9lib\u00e9ration n\u00b02006-138 du 9 mai 2006 d\u00e9cidant de la dispense de d\u00e9claration des traitements constitu\u00e9s \u00e0 des fins d\u2019information ou de communication externe.\n<h3>2. Conditions g\u00e9n\u00e9rales d&#8217;utilisation<\/h3>\n<h3>D\u00e9finitions<\/h3>\n<p>On d\u00e9signera par la suite:<\/p>\n<p>&#8216;Site&#8217; ou &#8216;service&#8217; : le site <strong>https:\/\/www.domainedeboischampt.fr<\/strong> et l&#8217;ensemble de ses pages.<br \/>\n&#8216;Editeur&#8217; : <strong>Domaine de Boischampt<\/strong>, responsable de l&#8217;\u00e9dition et du contenu du site.<br \/>\n&#8216;Utilisateur&#8217; : L&#8217;internaute visitant et utilisant les services du site.<\/p>\n<p><strong>Objet du site et d\u00e9signation des parties<\/strong><\/p>\n<p>L&#8217;objet du pr\u00e9sent site est d\u00e9termin\u00e9 comme &#8220;site vitrine&#8221;.<\/p>\n<p>Le site est d\u2019acc\u00e8s libre et gratuit \u00e0 tout internaute. L\u2019acquisition d\u2019un bien ou d\u2019un service, ou la cr\u00e9ation d\u2019un espace membre, ou de mani\u00e8re plus g\u00e9n\u00e9rale la navigation sur le site suppose l\u2019acceptation, par l\u2019internaute, de l\u2019int\u00e9gralit\u00e9 des pr\u00e9sentes conditions g\u00e9n\u00e9rales, qui reconna\u00eet du m\u00eame fait en avoir pris pleinement connaissance. Cette acceptation consistera, pour l\u2019internaute, \u00e0 cocher la case correspondant \u00e0 la phrase d&#8217;acceptation des pr\u00e9sentes conditions g\u00e9n\u00e9rales, ayant par exemple la mention \u00ab je reconnais avoir lu et accept\u00e9 l\u2019ensemble des conditions g\u00e9n\u00e9rales du site. \u00bb. Le fait de cocher cette case sera r\u00e9put\u00e9 avoir la m\u00eame valeur qu\u2019une signature manuscrite de la part de l\u2019internaute. L\u2019internaute reconna\u00eet la valeur de preuve des syst\u00e8mes d\u2019enregistrement automatique de l\u2019\u00e9diteur du pr\u00e9sent site et, sauf pour lui d\u2019apporter une preuve contraire, il renonce \u00e0 les contester en cas de litige. L\u2019acceptation des pr\u00e9sentes conditions g\u00e9n\u00e9rales suppose de la part des internautes qu\u2019ils jouissent de la capacit\u00e9 juridique n\u00e9cessaire pour cela.<\/p>\n<h3>Espace membre<\/h3>\n<p>L\u2019utilisateur inscrit au site (membre) a la possibilit\u00e9 d\u2019y acc\u00e9der en se connectant gr\u00e2ce \u00e0 ses identifiants (adresse e-mail d\u00e9finie lors de son inscription et mot de passe) et en utilisant des syst\u00e8mes tels que des boutons de connexion tiers de r\u00e9seaux sociaux. L\u2019utilisateur est enti\u00e8rement responsable de la protection du mot de passe qu\u2019il a choisi. Il est encourag\u00e9 \u00e0 utiliser des mots de passe complexes. En cas d\u2019oubli de mot de passe, le membre a la possibilit\u00e9 d\u2019en g\u00e9n\u00e9rer un nouveau. Ce mot de passe constitue la garantie de la confidentialit\u00e9 des informations contenues dans sa rubrique &#8220;mon compte&#8221; et l&#8217;utilisateur s&#8217;interdit donc de le transmettre ou de le communiquer \u00e0 un tiers. A d\u00e9faut, l&#8217;\u00e9diteur du site ne pourra \u00eatre tenu pour responsable des acc\u00e8s non autoris\u00e9s au compte d&#8217;un utilisateur.<\/p>\n<p>La cr\u00e9ation d\u2019un espace personnel est un pr\u00e9alable indispensable \u00e0 toute commande ou contribution du membre sur le pr\u00e9sent site. A cette fin, le membre sera invit\u00e9 \u00e0 fournir un certain nombre d\u2019informations personnelles. Le membre s\u2019engage \u00e0 fournir des informations exactes.<\/p>\n<p>La collecte des donn\u00e9es a pour objet la cr\u00e9ation d\u2019un \u00ab compte membre \u00bb. Si les donn\u00e9es contenues dans la rubrique compte membre venaient \u00e0 dispara\u00eetre \u00e0 la suite d\u2019une panne technique ou d\u2019un cas de force majeure, la responsabilit\u00e9 du site et de son \u00e9diteur ne pourrait \u00eatre engag\u00e9e, ces informations n\u2019ayant aucune valeur probante mais uniquement un caract\u00e8re informatif. Les pages relatives aux comptes membres sont librement imprimables par le titulaire du compte en question mais ne constituent nullement une preuve, elles n\u2019ont qu\u2019un caract\u00e8re informatif destin\u00e9 \u00e0 assurer une gestion efficace du service ou des contributions par le membre.<\/p>\n<p>L\u2019\u00e9diteur se r\u00e9serve le droit exclusif de supprimer le compte de tout membre qui aurait contrevenu aux pr\u00e9sentes conditions g\u00e9n\u00e9rales (notamment mais sans que cet exemple n\u2019ait un quelconque caract\u00e8re exhaustif, lorsque le membre aura fourni sciemment des informations erron\u00e9es, lors de son inscription et de la constitution de son espace personnel) ou encore tout compte inactif depuis au moins une ann\u00e9e. Ladite suppression ne sera pas susceptible de constituer un dommage pour le membre exclu qui ne pourra pr\u00e9tendre \u00e0 aucune indemnit\u00e9 de ce fait. Cette exclusion n\u2019est pas exclusive de la possibilit\u00e9, pour l\u2019\u00e9diteur, d\u2019entreprendre des poursuites d\u2019ordre judiciaire \u00e0 l\u2019encontre du membre, lorsque les faits l\u2019auront justifi\u00e9.<\/p>\n<h3>Exon\u00e9ration de la responsabilit\u00e9 de l\u2019\u00e9diteur dans le cadre de l\u2019ex\u00e9cution du pr\u00e9sent contrat<\/h3>\n<p>En cas d\u2019impossibilit\u00e9 d\u2019acc\u00e8s au site, en raison de probl\u00e8mes techniques ou de toutes natures, l&#8217;utilisateur ne pourra se pr\u00e9valoir d\u2019un dommage et ne pourra pr\u00e9tendre \u00e0 aucune indemnit\u00e9.<\/p>\n<p>Les liens hypertextes pr\u00e9sents sur le pr\u00e9sent site peuvent renvoyer sur d\u2019autres sites internet et la responsabilit\u00e9 de l\u2019\u00e9diteur du pr\u00e9sent site ne saurait \u00eatre engag\u00e9e si le contenu de ces sites contrevient aux l\u00e9gislations en vigueur. De m\u00eame la responsabilit\u00e9 de l\u2019\u00e9diteur du pr\u00e9sent site ne saurait \u00eatre engag\u00e9e si la visite, par l\u2019internaute, de l\u2019un de ces sites, lui causait un pr\u00e9judice.<\/p>\n<h3>Droits de propri\u00e9t\u00e9 intellectuelle relatifs aux \u00e9l\u00e9ments publi\u00e9s sur le pr\u00e9sent site<\/h3>\n<p>Tous les \u00e9l\u00e9ments du pr\u00e9sent site appartiennent \u00e0 l&#8217;\u00e9diteur ou \u00e0 un tiers mandataire, ou sont utilis\u00e9s par l&#8217;\u00e9diteur sur le site avec l&#8217;autorisation de leur propri\u00e9taire. Toute copie des logos, contenus textuels, pictographiques ou vid\u00e9os, sans que cette \u00e9num\u00e9ration ne soit limitative, est rigoureusement interdite et s\u2019apparente \u00e0 de la contrefa\u00e7on. Tout membre qui se rendrait coupable de contrefa\u00e7on serait susceptible de voir son compte supprim\u00e9 sans pr\u00e9avis ni indemnit\u00e9 et sans que cette suppression ne puisse lui \u00eatre constitutive d\u2019un dommage, sans r\u00e9serve d\u2019\u00e9ventuelles poursuites judiciaires ult\u00e9rieures \u00e0 son encontre, \u00e0 l\u2019initiative de l\u2019\u00e9diteur du pr\u00e9sent site ou de son mandataire. Le pr\u00e9sent site utilise des \u00e9l\u00e9ments (images, photographies, contenus) dont les cr\u00e9dits reviennent aux personnes physiques ou morales indiqu\u00e9es dans le chapitre \u00ab\u00a0Cr\u00e9dits\u00a0\u00bb.<\/p>\n<h3>Limitation de responsabilit\u00e9<\/h3>\n<p>L&#8217;\u00e9diteur du site n\u2019est tenu que par une obligation de moyens; sa responsabilit\u00e9 ne pourra \u00eatre engag\u00e9e pour un dommage r\u00e9sultant de l\u2019utilisation du r\u00e9seau Internet tel que perte de donn\u00e9es, intrusion, virus, rupture du service, ou autres. L&#8217;utilisateur admet express\u00e9ment utiliser le site \u00e0 ses propres risques et sous sa responsabilit\u00e9 exclusive.<\/p>\n<p>Le site fournit \u00e0 l&#8217;utilisateur des informations \u00e0 titre indicatif, avec des imperfections, erreurs, omissions, inexactitudes et autres ambivalences susceptibles d&#8217;exister. En tout \u00e9tat de cause, l\u2019Editeur ne pourra en aucun cas \u00eatre tenu responsable :<\/p>\n<p>&#8211; de tout dommage direct ou indirect, notamment en ce qui concerne les pertes de profits, le manque \u00e0 gagner, les pertes de client\u00e8le, de donn\u00e9es pouvant entre autres r\u00e9sulter de l&#8217;utilisation du site, ou au contraire de l&#8217;impossibilit\u00e9 de son utilisation ;<br \/>\n&#8211; d&#8217;un dysfonctionnement, d&#8217;une indisponibilit\u00e9 d&#8217;acc\u00e8s, d&#8217;une mauvaise utilisation, d&#8217;une mauvaise configuration de l&#8217;ordinateur de l&#8217;utilisateur, ou encore de l&#8217;emploi d&#8217;un navigateur peu usit\u00e9 par l&#8217;utilisateur ;<br \/>\n&#8211; du contenu des publicit\u00e9s et autres liens ou sources externes accessibles par l&#8217;utilisateur \u00e0 partir du site.<\/p>\n<h3>Acc\u00e8s au site<\/h3>\n<p>La responsabilit\u00e9 de l&#8217;\u00e9diteur du site ne peut \u00eatre engag\u00e9e en raison d&#8217;une indisponibilit\u00e9 technique de la connexion, qu&#8217;elle soit due notamment \u00e0 un cas de force majeure, \u00e0 une maintenance, \u00e0 une mise \u00e0 jour, \u00e0 une modification du site, \u00e0 une intervention de l&#8217;h\u00e9bergeur, \u00e0 une gr\u00e8ve interne ou externe, \u00e0 une panne de r\u00e9seau, \u00e0 une coupure d&#8217;alimentation \u00e9lectrique, ou encore \u00e0 une mauvaise configuration ou utilisation de l&#8217;ordinateur de l&#8217;utilisateur.<\/p>\n<h3>Fermeture de compte<\/h3>\n<p>Chaque utilisateur est libre de fermer son compte et ses donn\u00e9es sur le site. Pour ceci, le membre doit adresser un e-mail \u00e0 l\u2019Editeur indiquant qu\u2019il souhaite supprimer son compte. Aucune r\u00e9cup\u00e9ration de ses donn\u00e9es ne sera alors possible.<\/p>\n<h3>Clauses diverses<\/h3>\n<p>Les pr\u00e9sentes conditions g\u00e9n\u00e9rales sont soumises \u00e0 l\u2019application du droit Fran\u00e7ais. Elles peuvent \u00eatre modifi\u00e9es \u00e0 tout moment par l\u2019\u00e9diteur du site ou son mandataire. Les conditions g\u00e9n\u00e9rales applicables \u00e0 l\u2019utilisateur sont celles en vigueur au jour de son acceptation de celles-ci. L\u2019\u00e9diteur s\u2019engage bien \u00e9videmment \u00e0 conserver toutes ses anciennes conditions g\u00e9n\u00e9rales et \u00e0 les faire parvenir \u00e0 tout utilisateur qui en ferait la demande.<\/p>\n<p>Sauf dispositions d\u2019ordre public, tous litiges qui pourraient survenir dans le cadre de l\u2019ex\u00e9cution des pr\u00e9sentes conditions g\u00e9n\u00e9rales pourront avant toute action judiciaire \u00eatre soumis \u00e0 l\u2019appr\u00e9ciation de l\u2019\u00e9diteur du site en vue d\u2019un r\u00e8glement amiable. Il est express\u00e9ment rappel\u00e9 que les demandes de r\u00e8glement amiable ne suspendent pas les d\u00e9lais ouverts pour intenter les actions judiciaires. Sauf disposition contraire, d\u2019ordre public, toute action judiciaire relative \u00e0 l\u2019ex\u00e9cution du pr\u00e9sent contrat devra \u00eatre soumise \u00e0 la comp\u00e9tence des juridictions du ressort de la Cour d\u2019appel saisie.<\/p>\n<p>Si l\u2019une des clauses des pr\u00e9sentes conditions g\u00e9n\u00e9rales venait \u00e0 \u00eatre d\u00e9clar\u00e9e nulle par une d\u00e9cision de justice, cette nullit\u00e9 ne saurait emporter la nullit\u00e9 de l\u2019ensemble des autres clauses, qui continueraient \u00e0 produire leur effet.<\/p>\n<h3>Utilisation de Cookies<\/h3>\n<p>Un \u00ab Cookie \u00bb permet l&#8217;identification de l&#8217;utilisateur d&#8217;un site, la personnalisation de sa consultation du site et l&#8217;acc\u00e9l\u00e9ration de l\u2019affichage du site gr\u00e2ce \u00e0 l&#8217;enregistrement d&#8217;un fichier de donn\u00e9es sur son ordinateur. Le site est susceptible d&#8217;utiliser des \u00ab Cookies \u00bb principalement pour 1) obtenir des statistiques de navigation afin d&#8217;am\u00e9liorer l&#8217;exp\u00e9rience de l&#8217;Utilisateur, et 2) permettre l&#8217;acc\u00e8s \u00e0 un compte de membre et \u00e0 du contenu qui n&#8217;est pas accessible sans connexion.<\/p>\n<p>L&#8217;Utilisateur reconna\u00eet \u00eatre inform\u00e9 de cette pratique et autorise l&#8217;\u00e9diteur du site \u00e0 y recourir. L&#8217;\u00e9diteur s&#8217;engage \u00e0 ne jamais communiquer le contenu de ces \u00ab Cookies \u00bb \u00e0 des tierces personnes, sauf en cas de r\u00e9quisition l\u00e9gale. L&#8217;Utilisateur peut refuser l&#8217;enregistrement de \u00ab Cookies \u00bb ou configurer son navigateur pour \u00eatre pr\u00e9venu pr\u00e9alablement \u00e0 l&#8217;acception les \u00ab Cookies \u00bb. Pour ce faire, l&#8217;Utilisateur proc\u00e9dera au param\u00e9trage de son navigateur :<\/p>\n<p>&#8211; Pour Internet Explorer : http:\/\/windows.microsoft.com\/fr-FR\/windows-vista\/Block-or-allow-cookies<br \/>\n&#8211; Pour Safari : https:\/\/support.apple.com\/fr-fr\/ht1677<br \/>\n&#8211; Pour Google Chrome : https:\/\/support.google.com\/chrome\/answer\/95647?hl=fr&amp;hlrm=en&amp;safe=on<br \/>\n&#8211; Pour Firefox : https:\/\/support.mozilla.org\/fr\/kb\/activer-desactiver-cookies<br \/>\n&#8211; Pour Opera : http:\/\/help.opera.com\/Windows\/10.20\/fr\/cookies.html<\/p>\n<p>Pour en savoir plus : <a href=\"https:\/\/www.domainedeboischampt.fr\/utilisation-des-cookies\/\">Gestion des cookies de notre site internet.<\/a><\/p>\n<h3>Encadrement des conditions<\/h3>\n<p>Si une disposition des Conditions g\u00e9n\u00e9rales est jug\u00e9e ill\u00e9gale, nulle ou pour toute autre raison inapplicable, alors cette disposition sera r\u00e9put\u00e9e divisible des Conditions et n&#8217;affectera pas la validit\u00e9 et l&#8217;applicabilit\u00e9 des dispositions restantes. Ces pr\u00e9sentes conditions d\u00e9crivent l\u2019ensemble de l\u2019accord entre l\u2019utilisateur et le site internet. Elles remplacent tous accords ant\u00e9rieurs ou contemporains \u00e9crits ou oraux. Les conditions g\u00e9n\u00e9rales ne sont pas cessibles, transf\u00e9rables ou sous-licenciable par l\u2019utilisateur lui-m\u00eame.<\/p>\n<p>Une version imprim\u00e9e des Conditions et de tous les avis donn\u00e9s sous forme \u00e9lectronique pourra \u00eatre demand\u00e9e dans des proc\u00e9dures judiciaires ou administratives en rapport avec les conditions g\u00e9n\u00e9rales. Les parties conviennent que toute la correspondance relative \u00e0 ces Conditions d&#8217;utilisation, doit \u00eatre r\u00e9dig\u00e9e dans la langue fran\u00e7aise.<\/p>\n<h3>Notifications<\/h3>\n<p>Toute notification ou avis concernant les pr\u00e9sentes conditions g\u00e9n\u00e9rales, les mentions l\u00e9gales ou la charte de donn\u00e9es personnelles doit \u00eatre faite par \u00e9crit et doit \u00eatre remis en mains propres, courrier recommand\u00e9 ou certifi\u00e9, par Poste ou tout autre service de messagerie reconnu au niveau national qui permet de suivre r\u00e9guli\u00e8rement ses forfaits, \u00e0 l\u2019adresse postale ou \u00e0 l\u2019adresse \u00e9lectronique indiqu\u00e9es dans les Mentions L\u00e9gales ci-dessus, en pr\u00e9cisant vos noms, pr\u00e9noms, coordonn\u00e9es et objet de l\u2019avis.<\/p>\n<h3>R\u00e9clamations<\/h3>\n<p>Toute r\u00e9clamation li\u00e9e \u00e0 l&#8217;utilisation du site internet, du service, ou de tout autre service li\u00e9, les pages du site sur des r\u00e9seaux sociaux \u00e9ventuels ou les conditions g\u00e9n\u00e9rales, mentions l\u00e9gales ou charte de donn\u00e9es personnelles doit \u00eatre d\u00e9pos\u00e9e dans les 365 jours suivant le jour d\u2019origine du probl\u00e8me source de r\u00e9clamation, et ce ind\u00e9pendamment de toute loi ou r\u00e8gle de droit contraire. Dans le cas o\u00f9 une telle r\u00e9clamation n\u2019aurait pas \u00e9t\u00e9 d\u00e9pos\u00e9e dans les 365 jours suivants, une telle r\u00e9clamation sera \u00e0 jamais inapplicable en justice.<\/p>\n<h3>Inexactitudes<\/h3>\n<p>Il peut \u00eatre possible que se trouvent, dans l\u2019ensemble du site internet et des services propos\u00e9s, et dans une mesure restreinte, des inexactitudes ou des erreurs, ou des informations qui soient en d\u00e9saccord avec les conditions g\u00e9n\u00e9rales, les mentions l\u00e9gales ou la charte de donn\u00e9es personnelles. En outre, il est possible que des modifications non autoris\u00e9es soient faites par des tiers sur le site ou sur des services annexes (r\u00e9seaux sociaux\u2026). Nous mettons tout en \u0153uvre pour que ce genre d\u2019\u00e9carts soient corrig\u00e9s.<\/p>\n<p>Dans le cas o\u00f9 une telle situation nous \u00e9chapperait, merci de nous contacter \u00e0 l\u2019adresse postale ou \u00e0 l\u2019adresse \u00e9lectronique indiqu\u00e9es dans les Mentions L\u00e9gales ci-dessus avec, si possible, une description de l\u2019erreur et l&#8217;emplacement (URL), ainsi que des informations suffisantes pour nous permettre de vous contacter. Pour les demandes portant sur le droit d&#8217;auteur, merci de vous r\u00e9f\u00e9rer \u00e0 la section sur la propri\u00e9t\u00e9 intellectuelle.<\/p>\n<p>\u00a9 Domaine de Boischampt SAS \u2013 Tous droits r\u00e9serv\u00e9s<\/p>\n<p>\u00a9 IGN \u2013 2014 \u2013 Tous droits r\u00e9serv\u00e9s<\/p>\n","protected":false},"excerpt":{"rendered":"<p>1. Mentions l\u00e9gales Le site est \u00e9dit\u00e9 par , au capital de , entreprise r\u00e9pertori\u00e9e dans SIRENE sous le num\u00e9ro &hellip;<\/p>\n","protected":false},"author":10,"featured_media":0,"parent":0,"menu_order":0,"comment_status":"closed","ping_status":"closed","template":"","meta":{"_acf_changed":false,"footnotes":""},"class_list":["post-2150","page","type-page","status-publish","hentry"],"acf":[],"yoast_head":"<!-- This site is optimized with the Yoast SEO plugin v23.5 - https:\/\/yoast.com\/wordpress\/plugins\/seo\/ -->\n<title>Legal notices<\/title>\n<meta name=\"robots\" content=\"index, follow, max-snippet:-1, max-image-preview:large, max-video-preview:-1\" \/>\n<link rel=\"canonical\" href=\"https:\/\/www.domainedeboischampt.fr\/en\/legal-notices\/\" \/>\n<meta property=\"og:locale\" content=\"en_US\" \/>\n<meta property=\"og:type\" content=\"article\" \/>\n<meta property=\"og:title\" content=\"Legal notices\" \/>\n<meta property=\"og:description\" content=\"1. Mentions l\u00e9gales Le site est \u00e9dit\u00e9 par , au capital de , entreprise r\u00e9pertori\u00e9e dans SIRENE sous le num\u00e9ro &hellip;\" \/>\n<meta property=\"og:url\" content=\"https:\/\/www.domainedeboischampt.fr\/en\/legal-notices\/\" \/>\n<meta property=\"og:site_name\" content=\"Domaine de Boischampt\" \/>\n<meta name=\"twitter:card\" content=\"summary_large_image\" \/>\n<meta name=\"twitter:label1\" content=\"Est. reading time\" \/>\n\t<meta name=\"twitter:data1\" content=\"12 minutes\" \/>\n<script type=\"application\/ld+json\" class=\"yoast-schema-graph\">{\"@context\":\"https:\/\/schema.org\",\"@graph\":[{\"@type\":\"WebPage\",\"@id\":\"https:\/\/www.domainedeboischampt.fr\/en\/legal-notices\/\",\"url\":\"https:\/\/www.domainedeboischampt.fr\/en\/legal-notices\/\",\"name\":\"Legal notices\",\"isPartOf\":{\"@id\":\"https:\/\/www.domainedeboischampt.fr\/en\/#website\"},\"datePublished\":\"2019-11-08T10:12:09+00:00\",\"dateModified\":\"2019-11-08T10:12:09+00:00\",\"breadcrumb\":{\"@id\":\"https:\/\/www.domainedeboischampt.fr\/en\/legal-notices\/#breadcrumb\"},\"inLanguage\":\"en-US\",\"potentialAction\":[{\"@type\":\"ReadAction\",\"target\":[\"https:\/\/www.domainedeboischampt.fr\/en\/legal-notices\/\"]}]},{\"@type\":\"BreadcrumbList\",\"@id\":\"https:\/\/www.domainedeboischampt.fr\/en\/legal-notices\/#breadcrumb\",\"itemListElement\":[{\"@type\":\"ListItem\",\"position\":1,\"name\":\"Home\",\"item\":\"https:\/\/www.domainedeboischampt.fr\/en\/\"},{\"@type\":\"ListItem\",\"position\":2,\"name\":\"Legal notices\"}]},{\"@type\":\"WebSite\",\"@id\":\"https:\/\/www.domainedeboischampt.fr\/en\/#website\",\"url\":\"https:\/\/www.domainedeboischampt.fr\/en\/\",\"name\":\"Domaine de Boischampt\",\"description\":\"\",\"publisher\":{\"@id\":\"https:\/\/www.domainedeboischampt.fr\/en\/#organization\"},\"potentialAction\":[{\"@type\":\"SearchAction\",\"target\":{\"@type\":\"EntryPoint\",\"urlTemplate\":\"https:\/\/www.domainedeboischampt.fr\/en\/?s={search_term_string}\"},\"query-input\":{\"@type\":\"PropertyValueSpecification\",\"valueRequired\":true,\"valueName\":\"search_term_string\"}}],\"inLanguage\":\"en-US\"},{\"@type\":\"Organization\",\"@id\":\"https:\/\/www.domainedeboischampt.fr\/en\/#organization\",\"name\":\"Domaine de Boischampt\",\"url\":\"https:\/\/www.domainedeboischampt.fr\/en\/\",\"logo\":{\"@type\":\"ImageObject\",\"inLanguage\":\"en-US\",\"@id\":\"https:\/\/www.domainedeboischampt.fr\/en\/#\/schema\/logo\/image\/\",\"url\":\"https:\/\/www.domainedeboischampt.fr\/contenu\/uploads\/2019\/10\/domaine-de-boischampt-logo-admin.png\",\"contentUrl\":\"https:\/\/www.domainedeboischampt.fr\/contenu\/uploads\/2019\/10\/domaine-de-boischampt-logo-admin.png\",\"width\":512,\"height\":512,\"caption\":\"Domaine de Boischampt\"},\"image\":{\"@id\":\"https:\/\/www.domainedeboischampt.fr\/en\/#\/schema\/logo\/image\/\"}}]}<\/script>\n<!-- \/ Yoast SEO plugin. -->","yoast_head_json":{"title":"Legal notices","robots":{"index":"index","follow":"follow","max-snippet":"max-snippet:-1","max-image-preview":"max-image-preview:large","max-video-preview":"max-video-preview:-1"},"canonical":"https:\/\/www.domainedeboischampt.fr\/en\/legal-notices\/","og_locale":"en_US","og_type":"article","og_title":"Legal notices","og_description":"1. Mentions l\u00e9gales Le site est \u00e9dit\u00e9 par , au capital de , entreprise r\u00e9pertori\u00e9e dans SIRENE sous le num\u00e9ro &hellip;","og_url":"https:\/\/www.domainedeboischampt.fr\/en\/legal-notices\/","og_site_name":"Domaine de Boischampt","twitter_card":"summary_large_image","twitter_misc":{"Est. reading time":"12 minutes"},"schema":{"@context":"https:\/\/schema.org","@graph":[{"@type":"WebPage","@id":"https:\/\/www.domainedeboischampt.fr\/en\/legal-notices\/","url":"https:\/\/www.domainedeboischampt.fr\/en\/legal-notices\/","name":"Legal notices","isPartOf":{"@id":"https:\/\/www.domainedeboischampt.fr\/en\/#website"},"datePublished":"2019-11-08T10:12:09+00:00","dateModified":"2019-11-08T10:12:09+00:00","breadcrumb":{"@id":"https:\/\/www.domainedeboischampt.fr\/en\/legal-notices\/#breadcrumb"},"inLanguage":"en-US","potentialAction":[{"@type":"ReadAction","target":["https:\/\/www.domainedeboischampt.fr\/en\/legal-notices\/"]}]},{"@type":"BreadcrumbList","@id":"https:\/\/www.domainedeboischampt.fr\/en\/legal-notices\/#breadcrumb","itemListElement":[{"@type":"ListItem","position":1,"name":"Home","item":"https:\/\/www.domainedeboischampt.fr\/en\/"},{"@type":"ListItem","position":2,"name":"Legal notices"}]},{"@type":"WebSite","@id":"https:\/\/www.domainedeboischampt.fr\/en\/#website","url":"https:\/\/www.domainedeboischampt.fr\/en\/","name":"Domaine de Boischampt","description":"","publisher":{"@id":"https:\/\/www.domainedeboischampt.fr\/en\/#organization"},"potentialAction":[{"@type":"SearchAction","target":{"@type":"EntryPoint","urlTemplate":"https:\/\/www.domainedeboischampt.fr\/en\/?s={search_term_string}"},"query-input":{"@type":"PropertyValueSpecification","valueRequired":true,"valueName":"search_term_string"}}],"inLanguage":"en-US"},{"@type":"Organization","@id":"https:\/\/www.domainedeboischampt.fr\/en\/#organization","name":"Domaine de Boischampt","url":"https:\/\/www.domainedeboischampt.fr\/en\/","logo":{"@type":"ImageObject","inLanguage":"en-US","@id":"https:\/\/www.domainedeboischampt.fr\/en\/#\/schema\/logo\/image\/","url":"https:\/\/www.domainedeboischampt.fr\/contenu\/uploads\/2019\/10\/domaine-de-boischampt-logo-admin.png","contentUrl":"https:\/\/www.domainedeboischampt.fr\/contenu\/uploads\/2019\/10\/domaine-de-boischampt-logo-admin.png","width":512,"height":512,"caption":"Domaine de Boischampt"},"image":{"@id":"https:\/\/www.domainedeboischampt.fr\/en\/#\/schema\/logo\/image\/"}}]}},"_links":{"self":[{"href":"https:\/\/www.domainedeboischampt.fr\/en\/wp-json\/wp\/v2\/pages\/2150","targetHints":{"allow":["GET"]}}],"collection":[{"href":"https:\/\/www.domainedeboischampt.fr\/en\/wp-json\/wp\/v2\/pages"}],"about":[{"href":"https:\/\/www.domainedeboischampt.fr\/en\/wp-json\/wp\/v2\/types\/page"}],"author":[{"embeddable":true,"href":"https:\/\/www.domainedeboischampt.fr\/en\/wp-json\/wp\/v2\/users\/10"}],"replies":[{"embeddable":true,"href":"https:\/\/www.domainedeboischampt.fr\/en\/wp-json\/wp\/v2\/comments?post=2150"}],"version-history":[{"count":0,"href":"https:\/\/www.domainedeboischampt.fr\/en\/wp-json\/wp\/v2\/pages\/2150\/revisions"}],"wp:attachment":[{"href":"https:\/\/www.domainedeboischampt.fr\/en\/wp-json\/wp\/v2\/media?parent=2150"}],"curies":[{"name":"wp","href":"https:\/\/api.w.org\/{rel}","templated":true}]}}