{"id":2152,"date":"2019-11-08T11:12:50","date_gmt":"2019-11-08T10:12:50","guid":{"rendered":"https:\/\/www.domainedeboischampt.fr\/cookies\/"},"modified":"2019-11-08T11:13:00","modified_gmt":"2019-11-08T10:13:00","slug":"cookies","status":"publish","type":"page","link":"https:\/\/www.domainedeboischampt.fr\/en\/cookies\/","title":{"rendered":"Cookies"},"content":{"rendered":"<p>Notre site internet utilise des cookies. Vous trouverez ci-dessous plus d\u2019informations sur les cookies, la mani\u00e8re dont nous les utilisons et la fa\u00e7on dont vous pouvez en contr\u00f4ler l\u2019usage.<\/p>\n<h2>Qu\u2019est-ce qu\u2019un cookie ?<\/h2>\n<p>Le terme cookie couvre l\u2019ensemble des fichiers textes non ex\u00e9cutables, traceurs, balises web et autres technologies d\u00e9pos\u00e9s par notre site ou par des tiers, sous r\u00e9serve de votre consentement et de la n\u00e9cessit\u00e9 de ce dernier, lors de la consultation de notre site.<\/p>\n<h2>Pourquoi avons-nous recours \u00e0 des cookies ?<\/h2>\n<p>Les cookies nous permettent notamment :<\/p>\n<ul>\n<li>d\u2019assurer le bon fonctionnement du site internet ;<\/li>\n<li>de faciliter votre navigation ;<\/li>\n<li>de m\u00e9moriser des informations relatives \u00e0 un formulaire que vous avez d\u00e9j\u00e0 rempli (inscription ou acc\u00e8s \u00e0 votre compte) ;<\/li>\n<li>d\u2019\u00e9tablir des statistiques de fr\u00e9quentation ;<\/li>\n<li>d\u2019am\u00e9liorer l\u2019interactivit\u00e9 du site internet.<\/li>\n<\/ul>\n<p>Vous trouverez ci-dessous la liste d\u00e9taill\u00e9e des cookies utilis\u00e9s sur notre site internet.<\/p>\n<h2>Quelle est la dur\u00e9e de conservation des cookies ?<\/h2>\n<p>Les cookies sont conserv\u00e9s pour la dur\u00e9e maximale indiqu\u00e9e dans le tableau ci-dessus. A l\u2019expiration de ce d\u00e9lai, s\u2019il est n\u00e9cessaire, votre consentement sera \u00e0 nouveau requis.<\/p>\n<h2>Param\u00e9trage g\u00e9n\u00e9ral des cookies<\/h2>\n<h3>Accepter les cookies<\/h3>\n<p>Le d\u00e9p\u00f4t d\u2019un cookie peut n\u00e9cessiter dans certains cas votre consentement pr\u00e9alable. Vous pouvez \u00e0 tout moment accepter ou refuser le d\u00e9p\u00f4t d\u2019un cookie ou encore modifier vos choix notamment en configurant votre navigateur. Nous vous informons qu\u2019en poursuivant votre navigation sur notre site internet vous acceptez le d\u00e9p\u00f4t de Cookies sur votre terminal.<\/p>\n<h3>D\u00e9sactiver les cookies<\/h3>\n<p>Vous pouvez vous opposer au d\u00e9p\u00f4t de cookies en les d\u00e9sactivant, de fa\u00e7on \u00e0 emp\u00eacher leur installation sur votre terminal. Veuillez noter que le refus du d\u00e9p\u00f4t de certains cookies ou leur d\u00e9sinstallation peuvent entra\u00eener la d\u00e9sactivation de certaines fonctionnalit\u00e9s du site.<\/p>\n<p>Pour plus d\u2019informations sur les cookies, vous pouvez vous rendre sur le site de la <a href=\"https:\/\/www.cnil.fr\/\" target=\"_blank\" rel=\"noopener noreferrer\">CNIL<\/a>.<\/p>\n<p>Pour vous aider dans la configuration, vous pouvez consulter la page d\u00e9di\u00e9e aux cookies du navigateur que vous utilisez :<\/p>\n<ul>\n<li><a href=\"http:\/\/windows.microsoft.com\/fr-FR\/windows-vista\/Block-or-allow-cookies\" target=\"_blank\" rel=\"noopener noreferrer\">Internet explorer<\/a><\/li>\n<li><a href=\"https:\/\/support.google.com\/chrome\/answer\/95647?hl=fr&amp;hlrm=en\" target=\"_blank\" rel=\"noopener noreferrer\">Chrome<\/a><\/li>\n<li><a href=\"https:\/\/support.mozilla.org\/fr\/kb\/activer-desactiver-cookies-preferences?redirectlocale=fr&amp;redirectslug=activer-desactiver-cookies\" target=\"_blank\" rel=\"noopener noreferrer\">Firefox<\/a><\/li>\n<li><a href=\"http:\/\/help.opera.com\/Windows\/10.20\/fr\/cookies.html\" target=\"_blank\" rel=\"noopener noreferrer\">Opera<\/a><\/li>\n<li><a href=\"http:\/\/www.apple.com\/support\/?path=Safari\/3.0\/fr\/9277.html\" target=\"_blank\" rel=\"noopener noreferrer\">Safari<\/a><\/li>\n<\/ul>\n<p>Pour d\u00e9sactiver les cookies tiers de mesure et d\u2019audience, nous vous invitons \u00e0 vous rendre aux adresses suivantes :<\/p>\n<p>Google Analytics : <a href=\"https:\/\/tools.google.com\/dlpage\/gaoptout?hl=fr\" target=\"_blank\" rel=\"noopener noreferrer\">https:\/\/tools.google.com\/dlpage\/gaoptout?hl=fr<\/a><\/p>\n<h2>Liste des cookies utilis\u00e9s sur notre site internet<\/h2>\n<h3>Cookies de mesure d\u2019audience<\/h3>\n<h4>Google Analytics<\/h4>\n<div class=\"su-table su-table-responsive\">\n<table>\n<tbody>\n<tr class=\"su-even\">\n<td><strong>Cookie<\/strong><\/td>\n<td><strong>Description<\/strong><\/td>\n<td><strong>Dur\u00e9e de stockage<\/strong><\/td>\n<\/tr>\n<tr>\n<td>_ga<br \/>\n_gat<br \/>\n_gid<\/td>\n<td>Google Analytics est un outil google d\u2019analyse d\u2019audience internet permettant \u00e0 Domaine de Boischampt de mieux comprendre le comportement des utilisateurs du site. Les cookies utilis\u00e9s permettent de collecter des informations et de g\u00e9n\u00e9rer des rapports sur les statistiques d\u2019utilisation de notre site internet sans que les utilisateurs individuels soient identifi\u00e9s personnellement par Google Analytics.<\/p>\n<p>Pour obtenir plus d\u2019informations sur Google Analytics, consultez\u00a0:<\/p>\n<ul>\n<li><a href=\"https:\/\/support.google.com\/analytics\/answer\/6004245\" target=\"_blank\" rel=\"noopener noreferrer\">Les principes de confidentialit\u00e9 et de s\u00e9curit\u00e9 de Google Analytics<\/a><\/li>\n<\/ul>\n<p>Pour d\u00e9sactiver Google Analytics\u00a0:<\/p>\n<ul>\n<li><a href=\"https:\/\/tools.google.com\/dlpage\/gaoptout?hl=en=GB\" target=\"_blank\" rel=\"noopener noreferrer\">Le module compl\u00e9mentaire de navigateur pour la d\u00e9sactivation de Google Analytics<\/a><\/li>\n<\/ul>\n<\/td>\n<td>14 mois<\/td>\n<\/tr>\n<\/tbody>\n<\/table>\n<\/div>\n","protected":false},"excerpt":{"rendered":"<p>Notre site internet utilise des cookies. Vous trouverez ci-dessous plus d\u2019informations sur les cookies, la mani\u00e8re dont nous les utilisons &hellip;<\/p>\n","protected":false},"author":10,"featured_media":0,"parent":0,"menu_order":0,"comment_status":"closed","ping_status":"closed","template":"","meta":{"_acf_changed":false,"footnotes":""},"class_list":["post-2152","page","type-page","status-publish","hentry"],"acf":[],"yoast_head":"<!-- This site is optimized with the Yoast SEO plugin v23.5 - https:\/\/yoast.com\/wordpress\/plugins\/seo\/ -->\n<title>Cookies<\/title>\n<meta name=\"robots\" content=\"index, follow, max-snippet:-1, max-image-preview:large, max-video-preview:-1\" \/>\n<link rel=\"canonical\" href=\"https:\/\/www.domainedeboischampt.fr\/en\/cookies\/\" \/>\n<meta property=\"og:locale\" content=\"en_US\" \/>\n<meta property=\"og:type\" content=\"article\" \/>\n<meta property=\"og:title\" content=\"Cookies\" \/>\n<meta property=\"og:description\" content=\"Notre site internet utilise des cookies. Vous trouverez ci-dessous plus d\u2019informations sur les cookies, la mani\u00e8re dont nous les utilisons &hellip;\" \/>\n<meta property=\"og:url\" content=\"https:\/\/www.domainedeboischampt.fr\/en\/cookies\/\" \/>\n<meta property=\"og:site_name\" content=\"Domaine de Boischampt\" \/>\n<meta property=\"article:modified_time\" content=\"2019-11-08T10:13:00+00:00\" \/>\n<meta name=\"twitter:card\" content=\"summary_large_image\" \/>\n<meta name=\"twitter:label1\" content=\"Est. reading time\" \/>\n\t<meta name=\"twitter:data1\" content=\"3 minutes\" \/>\n<script type=\"application\/ld+json\" class=\"yoast-schema-graph\">{\"@context\":\"https:\/\/schema.org\",\"@graph\":[{\"@type\":\"WebPage\",\"@id\":\"https:\/\/www.domainedeboischampt.fr\/en\/cookies\/\",\"url\":\"https:\/\/www.domainedeboischampt.fr\/en\/cookies\/\",\"name\":\"Cookies\",\"isPartOf\":{\"@id\":\"https:\/\/www.domainedeboischampt.fr\/en\/#website\"},\"datePublished\":\"2019-11-08T10:12:50+00:00\",\"dateModified\":\"2019-11-08T10:13:00+00:00\",\"breadcrumb\":{\"@id\":\"https:\/\/www.domainedeboischampt.fr\/en\/cookies\/#breadcrumb\"},\"inLanguage\":\"en-US\",\"potentialAction\":[{\"@type\":\"ReadAction\",\"target\":[\"https:\/\/www.domainedeboischampt.fr\/en\/cookies\/\"]}]},{\"@type\":\"BreadcrumbList\",\"@id\":\"https:\/\/www.domainedeboischampt.fr\/en\/cookies\/#breadcrumb\",\"itemListElement\":[{\"@type\":\"ListItem\",\"position\":1,\"name\":\"Home\",\"item\":\"https:\/\/www.domainedeboischampt.fr\/en\/\"},{\"@type\":\"ListItem\",\"position\":2,\"name\":\"Cookies\"}]},{\"@type\":\"WebSite\",\"@id\":\"https:\/\/www.domainedeboischampt.fr\/en\/#website\",\"url\":\"https:\/\/www.domainedeboischampt.fr\/en\/\",\"name\":\"Domaine de Boischampt\",\"description\":\"\",\"publisher\":{\"@id\":\"https:\/\/www.domainedeboischampt.fr\/en\/#organization\"},\"potentialAction\":[{\"@type\":\"SearchAction\",\"target\":{\"@type\":\"EntryPoint\",\"urlTemplate\":\"https:\/\/www.domainedeboischampt.fr\/en\/?s={search_term_string}\"},\"query-input\":{\"@type\":\"PropertyValueSpecification\",\"valueRequired\":true,\"valueName\":\"search_term_string\"}}],\"inLanguage\":\"en-US\"},{\"@type\":\"Organization\",\"@id\":\"https:\/\/www.domainedeboischampt.fr\/en\/#organization\",\"name\":\"Domaine de Boischampt\",\"url\":\"https:\/\/www.domainedeboischampt.fr\/en\/\",\"logo\":{\"@type\":\"ImageObject\",\"inLanguage\":\"en-US\",\"@id\":\"https:\/\/www.domainedeboischampt.fr\/en\/#\/schema\/logo\/image\/\",\"url\":\"https:\/\/www.domainedeboischampt.fr\/contenu\/uploads\/2019\/10\/domaine-de-boischampt-logo-admin.png\",\"contentUrl\":\"https:\/\/www.domainedeboischampt.fr\/contenu\/uploads\/2019\/10\/domaine-de-boischampt-logo-admin.png\",\"width\":512,\"height\":512,\"caption\":\"Domaine de Boischampt\"},\"image\":{\"@id\":\"https:\/\/www.domainedeboischampt.fr\/en\/#\/schema\/logo\/image\/\"}}]}<\/script>\n<!-- \/ Yoast SEO plugin. -->","yoast_head_json":{"title":"Cookies","robots":{"index":"index","follow":"follow","max-snippet":"max-snippet:-1","max-image-preview":"max-image-preview:large","max-video-preview":"max-video-preview:-1"},"canonical":"https:\/\/www.domainedeboischampt.fr\/en\/cookies\/","og_locale":"en_US","og_type":"article","og_title":"Cookies","og_description":"Notre site internet utilise des cookies. Vous trouverez ci-dessous plus d\u2019informations sur les cookies, la mani\u00e8re dont nous les utilisons &hellip;","og_url":"https:\/\/www.domainedeboischampt.fr\/en\/cookies\/","og_site_name":"Domaine de Boischampt","article_modified_time":"2019-11-08T10:13:00+00:00","twitter_card":"summary_large_image","twitter_misc":{"Est. reading time":"3 minutes"},"schema":{"@context":"https:\/\/schema.org","@graph":[{"@type":"WebPage","@id":"https:\/\/www.domainedeboischampt.fr\/en\/cookies\/","url":"https:\/\/www.domainedeboischampt.fr\/en\/cookies\/","name":"Cookies","isPartOf":{"@id":"https:\/\/www.domainedeboischampt.fr\/en\/#website"},"datePublished":"2019-11-08T10:12:50+00:00","dateModified":"2019-11-08T10:13:00+00:00","breadcrumb":{"@id":"https:\/\/www.domainedeboischampt.fr\/en\/cookies\/#breadcrumb"},"inLanguage":"en-US","potentialAction":[{"@type":"ReadAction","target":["https:\/\/www.domainedeboischampt.fr\/en\/cookies\/"]}]},{"@type":"BreadcrumbList","@id":"https:\/\/www.domainedeboischampt.fr\/en\/cookies\/#breadcrumb","itemListElement":[{"@type":"ListItem","position":1,"name":"Home","item":"https:\/\/www.domainedeboischampt.fr\/en\/"},{"@type":"ListItem","position":2,"name":"Cookies"}]},{"@type":"WebSite","@id":"https:\/\/www.domainedeboischampt.fr\/en\/#website","url":"https:\/\/www.domainedeboischampt.fr\/en\/","name":"Domaine de Boischampt","description":"","publisher":{"@id":"https:\/\/www.domainedeboischampt.fr\/en\/#organization"},"potentialAction":[{"@type":"SearchAction","target":{"@type":"EntryPoint","urlTemplate":"https:\/\/www.domainedeboischampt.fr\/en\/?s={search_term_string}"},"query-input":{"@type":"PropertyValueSpecification","valueRequired":true,"valueName":"search_term_string"}}],"inLanguage":"en-US"},{"@type":"Organization","@id":"https:\/\/www.domainedeboischampt.fr\/en\/#organization","name":"Domaine de Boischampt","url":"https:\/\/www.domainedeboischampt.fr\/en\/","logo":{"@type":"ImageObject","inLanguage":"en-US","@id":"https:\/\/www.domainedeboischampt.fr\/en\/#\/schema\/logo\/image\/","url":"https:\/\/www.domainedeboischampt.fr\/contenu\/uploads\/2019\/10\/domaine-de-boischampt-logo-admin.png","contentUrl":"https:\/\/www.domainedeboischampt.fr\/contenu\/uploads\/2019\/10\/domaine-de-boischampt-logo-admin.png","width":512,"height":512,"caption":"Domaine de Boischampt"},"image":{"@id":"https:\/\/www.domainedeboischampt.fr\/en\/#\/schema\/logo\/image\/"}}]}},"_links":{"self":[{"href":"https:\/\/www.domainedeboischampt.fr\/en\/wp-json\/wp\/v2\/pages\/2152","targetHints":{"allow":["GET"]}}],"collection":[{"href":"https:\/\/www.domainedeboischampt.fr\/en\/wp-json\/wp\/v2\/pages"}],"about":[{"href":"https:\/\/www.domainedeboischampt.fr\/en\/wp-json\/wp\/v2\/types\/page"}],"author":[{"embeddable":true,"href":"https:\/\/www.domainedeboischampt.fr\/en\/wp-json\/wp\/v2\/users\/10"}],"replies":[{"embeddable":true,"href":"https:\/\/www.domainedeboischampt.fr\/en\/wp-json\/wp\/v2\/comments?post=2152"}],"version-history":[{"count":0,"href":"https:\/\/www.domainedeboischampt.fr\/en\/wp-json\/wp\/v2\/pages\/2152\/revisions"}],"wp:attachment":[{"href":"https:\/\/www.domainedeboischampt.fr\/en\/wp-json\/wp\/v2\/media?parent=2152"}],"curies":[{"name":"wp","href":"https:\/\/api.w.org\/{rel}","templated":true}]}}