{"id":3009,"date":"2020-06-05T10:53:23","date_gmt":"2020-06-05T08:53:23","guid":{"rendered":"https:\/\/www.domainedeboischampt.fr\/product\/julienas-beauvernay\/"},"modified":"2025-11-05T15:21:39","modified_gmt":"2025-11-05T14:21:39","slug":"julienas-beauvernay","status":"publish","type":"product","link":"https:\/\/www.domainedeboischampt.fr\/en\/product\/julienas-beauvernay\/","title":{"rendered":"s Juli\u00e9nas Beauvernay 2019"},"content":{"rendered":"<p align=\"justify\"><span lang=\"en-GB\">The\u00a0<\/span><span lang=\"en-GB\"><a href=\"https:\/\/www.domaine-danielvoluet.com\/\" target=\"_top\" rel=\"noopener noreferrer\">v<\/a><a href=\"https:\/\/www.domaine-danielvoluet.com\/\" target=\"_top\" rel=\"noopener noreferrer\">ineyard<\/a><\/span> <span lang=\"en-GB\">\u00a0of Juli\u00e9nas is spread over 580 hectares, across the villages of Juli\u00e9nas, Julli\u00e9, et Pruzilly. AOC since 1938,\u00a0<\/span><a href=\"https:\/\/www.domaine-danielvoluet.com\/vigneron-julienas.php\" target=\"_top\" rel=\"noopener noreferrer\"><span lang=\"en-GB\">Juli\u00e9nas<\/span><\/a><span lang=\"en-GB\"> is one of the ten crus of Beaujolais. From the combination of its unique grape and its famous terroirs, is born a red wine, suitable for ageing.<\/span><\/p>\n<p align=\"justify\">The name Juli\u00e9nas is said to comes from JULIUS CAESAR.<\/p>\n<h3 lang=\"en-GB\" align=\"justify\">Our plot :<\/h3>\n<p align=\"justify\"><strong><span lang=\"en-GB\">Location :\u00a0 <\/span><\/strong><span lang=\"en-GB\">Juli\u00e9nas is located on the granitic foothills of the High Beaujolais. This altitude vineyard is on a strong slope (between 20% to 45%). The land where grow our dear Gamay c\u00e9page are poor and optimal for the creation of high quality wines. The tannic power due to the undersoil has to be mastered to develop palatable wines.<\/span><\/p>\n<p align=\"justify\"><strong><span lang=\"en-GB\">Grape Variety :\u00a0<\/span><\/strong><span lang=\"en-GB\"> Black Gamay<\/span><\/p>\n<p align=\"justify\"><strong><span lang=\"en-GB\">Soil and Subsoil :\u00a0<\/span><\/strong><span lang=\"en-GB\"> Diversified granitic soil and subsoil on blue stones altered at shallow depth<\/span><\/p>\n<p align=\"justify\"><strong><span lang=\"en-GB\">Surface :\u00a0<\/span><\/strong><span lang=\"en-GB\"> 1Ha1419<\/span><\/p>\n<p align=\"justify\"><strong><span lang=\"en-GB\">Exposure :<\/span><\/strong><span lang=\"en-GB\"> South<\/span><\/p>\n<p align=\"justify\"><strong><span lang=\"en-GB\">Plantation :<\/span><\/strong><span lang=\"en-GB\"> 25Sq m79 in 1962, <\/span>29Sq m33 in 1982, <span lang=\"en-GB\">52Sq m07 in 2014<\/span><\/p>\n","protected":false},"excerpt":{"rendered":"<p class=\"Body\"><span lang=\"EN-US\" style=\"color: windowtext;\">We find in this wine the roasted aromas of a well-mastered wood with lovely fruity notes. The wine is concentrated, long, firm and ambitious: Perfect for cellaring! <\/span><\/p>\n","protected":false},"featured_media":1318,"comment_status":"open","ping_status":"closed","template":"","meta":{"_acf_changed":false},"product_cat":[108,76],"product_tag":[],"class_list":{"0":"post-3009","1":"product","2":"type-product","3":"status-publish","4":"has-post-thumbnail","6":"product_cat-les-parcellaires-en","7":"product_cat-red-wine","9":"first","10":"outofstock","11":"taxable","12":"shipping-taxable","13":"purchasable","14":"product-type-simple"},"acf":[],"yoast_head":"<!-- This site is optimized with the Yoast SEO plugin v23.5 - https:\/\/yoast.com\/wordpress\/plugins\/seo\/ -->\n<title>s Juli\u00e9nas Beauvernay 2019 - Domaine de Boischampt<\/title>\n<meta name=\"robots\" content=\"index, follow, max-snippet:-1, max-image-preview:large, max-video-preview:-1\" \/>\n<link rel=\"canonical\" href=\"https:\/\/www.domainedeboischampt.fr\/en\/product\/julienas-beauvernay\/\" \/>\n<meta property=\"og:locale\" content=\"en_US\" \/>\n<meta property=\"og:type\" content=\"article\" \/>\n<meta property=\"og:title\" content=\"s Juli\u00e9nas Beauvernay 2019 - Domaine de Boischampt\" \/>\n<meta property=\"og:description\" content=\"We find in this wine the roasted aromas of a well-mastered wood with lovely fruity notes. The wine is concentrated, long, firm and ambitious: Perfect for cellaring!\" \/>\n<meta property=\"og:url\" content=\"https:\/\/www.domainedeboischampt.fr\/en\/product\/julienas-beauvernay\/\" \/>\n<meta property=\"og:site_name\" content=\"Domaine de Boischampt\" \/>\n<meta property=\"article:modified_time\" content=\"2025-11-05T14:21:39+00:00\" \/>\n<meta property=\"og:image\" content=\"https:\/\/www.domainedeboischampt.fr\/contenu\/uploads\/2019\/10\/beauvernay.jpg\" \/>\n\t<meta property=\"og:image:width\" content=\"4320\" \/>\n\t<meta property=\"og:image:height\" content=\"6480\" \/>\n\t<meta property=\"og:image:type\" content=\"image\/jpeg\" \/>\n<meta name=\"twitter:card\" content=\"summary_large_image\" \/>\n<meta name=\"twitter:label1\" content=\"Est. reading time\" \/>\n\t<meta name=\"twitter:data1\" content=\"1 minute\" \/>\n<script type=\"application\/ld+json\" class=\"yoast-schema-graph\">{\"@context\":\"https:\/\/schema.org\",\"@graph\":[{\"@type\":\"WebPage\",\"@id\":\"https:\/\/www.domainedeboischampt.fr\/en\/product\/julienas-beauvernay\/\",\"url\":\"https:\/\/www.domainedeboischampt.fr\/en\/product\/julienas-beauvernay\/\",\"name\":\"s Juli\u00e9nas Beauvernay 2019 - Domaine de Boischampt\",\"isPartOf\":{\"@id\":\"https:\/\/www.domainedeboischampt.fr\/en\/#website\"},\"primaryImageOfPage\":{\"@id\":\"https:\/\/www.domainedeboischampt.fr\/en\/product\/julienas-beauvernay\/#primaryimage\"},\"image\":{\"@id\":\"https:\/\/www.domainedeboischampt.fr\/en\/product\/julienas-beauvernay\/#primaryimage\"},\"thumbnailUrl\":\"https:\/\/www.domainedeboischampt.fr\/contenu\/uploads\/2019\/10\/beauvernay.jpg\",\"datePublished\":\"2020-06-05T08:53:23+00:00\",\"dateModified\":\"2025-11-05T14:21:39+00:00\",\"breadcrumb\":{\"@id\":\"https:\/\/www.domainedeboischampt.fr\/en\/product\/julienas-beauvernay\/#breadcrumb\"},\"inLanguage\":\"en-US\",\"potentialAction\":[{\"@type\":\"ReadAction\",\"target\":[\"https:\/\/www.domainedeboischampt.fr\/en\/product\/julienas-beauvernay\/\"]}]},{\"@type\":\"ImageObject\",\"inLanguage\":\"en-US\",\"@id\":\"https:\/\/www.domainedeboischampt.fr\/en\/product\/julienas-beauvernay\/#primaryimage\",\"url\":\"https:\/\/www.domainedeboischampt.fr\/contenu\/uploads\/2019\/10\/beauvernay.jpg\",\"contentUrl\":\"https:\/\/www.domainedeboischampt.fr\/contenu\/uploads\/2019\/10\/beauvernay.jpg\",\"width\":4320,\"height\":6480,\"caption\":\"Juli\u00e9nas \\\"Beauvernay\\\"\"},{\"@type\":\"BreadcrumbList\",\"@id\":\"https:\/\/www.domainedeboischampt.fr\/en\/product\/julienas-beauvernay\/#breadcrumb\",\"itemListElement\":[{\"@type\":\"ListItem\",\"position\":1,\"name\":\"Home\",\"item\":\"https:\/\/www.domainedeboischampt.fr\/en\/\"},{\"@type\":\"ListItem\",\"position\":2,\"name\":\"Wines\",\"item\":\"https:\/\/www.domainedeboischampt.fr\/en\/wines\/\"},{\"@type\":\"ListItem\",\"position\":3,\"name\":\"s Juli\u00e9nas Beauvernay 2019\"}]},{\"@type\":\"WebSite\",\"@id\":\"https:\/\/www.domainedeboischampt.fr\/en\/#website\",\"url\":\"https:\/\/www.domainedeboischampt.fr\/en\/\",\"name\":\"Domaine de Boischampt\",\"description\":\"\",\"publisher\":{\"@id\":\"https:\/\/www.domainedeboischampt.fr\/en\/#organization\"},\"potentialAction\":[{\"@type\":\"SearchAction\",\"target\":{\"@type\":\"EntryPoint\",\"urlTemplate\":\"https:\/\/www.domainedeboischampt.fr\/en\/?s={search_term_string}\"},\"query-input\":{\"@type\":\"PropertyValueSpecification\",\"valueRequired\":true,\"valueName\":\"search_term_string\"}}],\"inLanguage\":\"en-US\"},{\"@type\":\"Organization\",\"@id\":\"https:\/\/www.domainedeboischampt.fr\/en\/#organization\",\"name\":\"Domaine de Boischampt\",\"url\":\"https:\/\/www.domainedeboischampt.fr\/en\/\",\"logo\":{\"@type\":\"ImageObject\",\"inLanguage\":\"en-US\",\"@id\":\"https:\/\/www.domainedeboischampt.fr\/en\/#\/schema\/logo\/image\/\",\"url\":\"https:\/\/www.domainedeboischampt.fr\/contenu\/uploads\/2019\/10\/domaine-de-boischampt-logo-admin.png\",\"contentUrl\":\"https:\/\/www.domainedeboischampt.fr\/contenu\/uploads\/2019\/10\/domaine-de-boischampt-logo-admin.png\",\"width\":512,\"height\":512,\"caption\":\"Domaine de Boischampt\"},\"image\":{\"@id\":\"https:\/\/www.domainedeboischampt.fr\/en\/#\/schema\/logo\/image\/\"}}]}<\/script>\n<!-- \/ Yoast SEO plugin. -->","yoast_head_json":{"title":"s Juli\u00e9nas Beauvernay 2019 - Domaine de Boischampt","robots":{"index":"index","follow":"follow","max-snippet":"max-snippet:-1","max-image-preview":"max-image-preview:large","max-video-preview":"max-video-preview:-1"},"canonical":"https:\/\/www.domainedeboischampt.fr\/en\/product\/julienas-beauvernay\/","og_locale":"en_US","og_type":"article","og_title":"s Juli\u00e9nas Beauvernay 2019 - Domaine de Boischampt","og_description":"We find in this wine the roasted aromas of a well-mastered wood with lovely fruity notes. The wine is concentrated, long, firm and ambitious: Perfect for cellaring!","og_url":"https:\/\/www.domainedeboischampt.fr\/en\/product\/julienas-beauvernay\/","og_site_name":"Domaine de Boischampt","article_modified_time":"2025-11-05T14:21:39+00:00","og_image":[{"width":4320,"height":6480,"url":"https:\/\/www.domainedeboischampt.fr\/contenu\/uploads\/2019\/10\/beauvernay.jpg","type":"image\/jpeg"}],"twitter_card":"summary_large_image","twitter_misc":{"Est. reading time":"1 minute"},"schema":{"@context":"https:\/\/schema.org","@graph":[{"@type":"WebPage","@id":"https:\/\/www.domainedeboischampt.fr\/en\/product\/julienas-beauvernay\/","url":"https:\/\/www.domainedeboischampt.fr\/en\/product\/julienas-beauvernay\/","name":"s Juli\u00e9nas Beauvernay 2019 - Domaine de Boischampt","isPartOf":{"@id":"https:\/\/www.domainedeboischampt.fr\/en\/#website"},"primaryImageOfPage":{"@id":"https:\/\/www.domainedeboischampt.fr\/en\/product\/julienas-beauvernay\/#primaryimage"},"image":{"@id":"https:\/\/www.domainedeboischampt.fr\/en\/product\/julienas-beauvernay\/#primaryimage"},"thumbnailUrl":"https:\/\/www.domainedeboischampt.fr\/contenu\/uploads\/2019\/10\/beauvernay.jpg","datePublished":"2020-06-05T08:53:23+00:00","dateModified":"2025-11-05T14:21:39+00:00","breadcrumb":{"@id":"https:\/\/www.domainedeboischampt.fr\/en\/product\/julienas-beauvernay\/#breadcrumb"},"inLanguage":"en-US","potentialAction":[{"@type":"ReadAction","target":["https:\/\/www.domainedeboischampt.fr\/en\/product\/julienas-beauvernay\/"]}]},{"@type":"ImageObject","inLanguage":"en-US","@id":"https:\/\/www.domainedeboischampt.fr\/en\/product\/julienas-beauvernay\/#primaryimage","url":"https:\/\/www.domainedeboischampt.fr\/contenu\/uploads\/2019\/10\/beauvernay.jpg","contentUrl":"https:\/\/www.domainedeboischampt.fr\/contenu\/uploads\/2019\/10\/beauvernay.jpg","width":4320,"height":6480,"caption":"Juli\u00e9nas \"Beauvernay\""},{"@type":"BreadcrumbList","@id":"https:\/\/www.domainedeboischampt.fr\/en\/product\/julienas-beauvernay\/#breadcrumb","itemListElement":[{"@type":"ListItem","position":1,"name":"Home","item":"https:\/\/www.domainedeboischampt.fr\/en\/"},{"@type":"ListItem","position":2,"name":"Wines","item":"https:\/\/www.domainedeboischampt.fr\/en\/wines\/"},{"@type":"ListItem","position":3,"name":"s Juli\u00e9nas Beauvernay 2019"}]},{"@type":"WebSite","@id":"https:\/\/www.domainedeboischampt.fr\/en\/#website","url":"https:\/\/www.domainedeboischampt.fr\/en\/","name":"Domaine de Boischampt","description":"","publisher":{"@id":"https:\/\/www.domainedeboischampt.fr\/en\/#organization"},"potentialAction":[{"@type":"SearchAction","target":{"@type":"EntryPoint","urlTemplate":"https:\/\/www.domainedeboischampt.fr\/en\/?s={search_term_string}"},"query-input":{"@type":"PropertyValueSpecification","valueRequired":true,"valueName":"search_term_string"}}],"inLanguage":"en-US"},{"@type":"Organization","@id":"https:\/\/www.domainedeboischampt.fr\/en\/#organization","name":"Domaine de Boischampt","url":"https:\/\/www.domainedeboischampt.fr\/en\/","logo":{"@type":"ImageObject","inLanguage":"en-US","@id":"https:\/\/www.domainedeboischampt.fr\/en\/#\/schema\/logo\/image\/","url":"https:\/\/www.domainedeboischampt.fr\/contenu\/uploads\/2019\/10\/domaine-de-boischampt-logo-admin.png","contentUrl":"https:\/\/www.domainedeboischampt.fr\/contenu\/uploads\/2019\/10\/domaine-de-boischampt-logo-admin.png","width":512,"height":512,"caption":"Domaine de Boischampt"},"image":{"@id":"https:\/\/www.domainedeboischampt.fr\/en\/#\/schema\/logo\/image\/"}}]}},"_links":{"self":[{"href":"https:\/\/www.domainedeboischampt.fr\/en\/wp-json\/wp\/v2\/product\/3009","targetHints":{"allow":["GET"]}}],"collection":[{"href":"https:\/\/www.domainedeboischampt.fr\/en\/wp-json\/wp\/v2\/product"}],"about":[{"href":"https:\/\/www.domainedeboischampt.fr\/en\/wp-json\/wp\/v2\/types\/product"}],"replies":[{"embeddable":true,"href":"https:\/\/www.domainedeboischampt.fr\/en\/wp-json\/wp\/v2\/comments?post=3009"}],"wp:featuredmedia":[{"embeddable":true,"href":"https:\/\/www.domainedeboischampt.fr\/en\/wp-json\/wp\/v2\/media\/1318"}],"wp:attachment":[{"href":"https:\/\/www.domainedeboischampt.fr\/en\/wp-json\/wp\/v2\/media?parent=3009"}],"wp:term":[{"taxonomy":"product_cat","embeddable":true,"href":"https:\/\/www.domainedeboischampt.fr\/en\/wp-json\/wp\/v2\/product_cat?post=3009"},{"taxonomy":"product_tag","embeddable":true,"href":"https:\/\/www.domainedeboischampt.fr\/en\/wp-json\/wp\/v2\/product_tag?post=3009"}],"curies":[{"name":"wp","href":"https:\/\/api.w.org\/{rel}","templated":true}]}}