{"id":3018,"date":"2020-06-08T14:59:03","date_gmt":"2020-06-08T12:59:03","guid":{"rendered":"https:\/\/www.domainedeboischampt.fr\/product\/julienas-4-cerisiers\/"},"modified":"2025-11-05T15:21:50","modified_gmt":"2025-11-05T14:21:50","slug":"julienas-4-cerisiers","status":"publish","type":"product","link":"https:\/\/www.domainedeboischampt.fr\/en\/product\/julienas-4-cerisiers\/","title":{"rendered":"Juli\u00e9nas, Les 4 Cerisiers 2023"},"content":{"rendered":"<p class=\"p1\"><span class=\"s1\">The\u00a0<a href=\"https:\/\/www.domaine-danielvoluet.com\/\">vineyard<b> <\/b><\/a>\u00a0of Juli\u00e9nas is spread over 580 hectares, across the villages of Juli\u00e9nas, Julli\u00e9, et Pruzilly. AOC since 1938,\u00a0<a href=\"https:\/\/www.domaine-danielvoluet.com\/vigneron-julienas.php\">Juli\u00e9nas<\/a>\u00a0is one of the ten crus of Beaujolais. From the combination of its unique grape and its famous terroirs, is born a red wine, suitable for ageing (ten years on average and sometimes more for some wines).<\/span><\/p>\n<p class=\"p1\"><span class=\"s1\">The name Juli\u00e9nas is said to comes from JULIUS CAESAR.<\/span><\/p>\n<p class=\"p1\"><span class=\"s1\"><b>Our Vineyard<\/b><\/span><\/p>\n<p class=\"p1\"><span class=\"s1\"><b>Location : <\/b>Juli\u00e9nas is located on the granitic foothills of the High Beaujolais on steep slopes ranging from 20% to 45%. The land is poor and particularly suitable for growing grapes. The structure of the subsoil gives a natural tannic power to the wines of the appellation that must be mastered to develop quality wines.<\/span><\/p>\n<p class=\"p1\"><span class=\"s1\"><b>Grape Variety :<\/b> Black Gamay<\/span><\/p>\n<p class=\"p1\"><span class=\"s1\"><b>Soil and Subsoil :<\/b> Diversified granitic soil and subsoil on blue stones altered at shallow depth<\/span><\/p>\n<p class=\"p1\"><span class=\"s1\"><b>Surface : <\/b>Ha05<\/span><\/p>\n<p class=\"p1\"><span class=\"s1\"><b>Exposure :<\/b>\u00a0Eastern<\/span><\/p>\n<p class=\"p1\"><span class=\"s1\"><b>Plantation : <\/b>1980\u00a0: 27Sq m45 \u2013 1992\u00a0: 22Sq m55 &#8211;<span class=\"Apple-converted-space\">\u00a0 <\/span>1994\u00a0:5Sq m \u2013 2011\u00a0:50 Sq m<\/span><\/p>\n<p class=\"p1\"><span class=\"s1\">Grape harvest and wine making process<\/span><\/p>\n<p class=\"p1\"><span class=\"s1\">The grapes were manually harvested in 15 kilos open boxes on September 15<sup>th<\/sup>, 2019.<\/span><\/p>\n<p>&nbsp;<\/p>\n","protected":false},"excerpt":{"rendered":"<p>The\u00a0vineyard \u00a0of Juli\u00e9nas is spread over 580 hectares, across the villages of Juli\u00e9nas, Julli\u00e9, et Pruzilly. AOC since 1938,\u00a0Juli\u00e9nas\u00a0is one &hellip;<\/p>\n","protected":false},"featured_media":17206,"comment_status":"open","ping_status":"closed","template":"","meta":{"_acf_changed":false},"product_cat":[108,76],"product_tag":[],"class_list":{"0":"post-3018","1":"product","2":"type-product","3":"status-publish","4":"has-post-thumbnail","6":"product_cat-les-parcellaires-en","7":"product_cat-red-wine","9":"first","10":"instock","11":"taxable","12":"shipping-taxable","13":"purchasable","14":"product-type-simple"},"acf":[],"yoast_head":"<!-- This site is optimized with the Yoast SEO plugin v23.5 - https:\/\/yoast.com\/wordpress\/plugins\/seo\/ -->\n<title>Juli\u00e9nas, Les 4 Cerisiers 2023 - Domaine de Boischampt<\/title>\n<meta name=\"robots\" content=\"index, follow, max-snippet:-1, max-image-preview:large, max-video-preview:-1\" \/>\n<link rel=\"canonical\" href=\"https:\/\/www.domainedeboischampt.fr\/en\/product\/julienas-4-cerisiers\/\" \/>\n<meta property=\"og:locale\" content=\"en_US\" \/>\n<meta property=\"og:type\" content=\"article\" \/>\n<meta property=\"og:title\" content=\"Juli\u00e9nas, Les 4 Cerisiers 2023 - Domaine de Boischampt\" \/>\n<meta property=\"og:description\" content=\"The\u00a0vineyard \u00a0of Juli\u00e9nas is spread over 580 hectares, across the villages of Juli\u00e9nas, Julli\u00e9, et Pruzilly. AOC since 1938,\u00a0Juli\u00e9nas\u00a0is one &hellip;\" \/>\n<meta property=\"og:url\" content=\"https:\/\/www.domainedeboischampt.fr\/en\/product\/julienas-4-cerisiers\/\" \/>\n<meta property=\"og:site_name\" content=\"Domaine de Boischampt\" \/>\n<meta property=\"article:modified_time\" content=\"2025-11-05T14:21:50+00:00\" \/>\n<meta property=\"og:image\" content=\"https:\/\/www.domainedeboischampt.fr\/contenu\/uploads\/2020\/06\/Julienas-Les4Cersisiers.jpg\" \/>\n\t<meta property=\"og:image:width\" content=\"4096\" \/>\n\t<meta property=\"og:image:height\" content=\"6261\" \/>\n\t<meta property=\"og:image:type\" content=\"image\/jpeg\" \/>\n<meta name=\"twitter:card\" content=\"summary_large_image\" \/>\n<meta name=\"twitter:label1\" content=\"Est. reading time\" \/>\n\t<meta name=\"twitter:data1\" content=\"2 minutes\" \/>\n<script type=\"application\/ld+json\" class=\"yoast-schema-graph\">{\"@context\":\"https:\/\/schema.org\",\"@graph\":[{\"@type\":\"WebPage\",\"@id\":\"https:\/\/www.domainedeboischampt.fr\/en\/product\/julienas-4-cerisiers\/\",\"url\":\"https:\/\/www.domainedeboischampt.fr\/en\/product\/julienas-4-cerisiers\/\",\"name\":\"Juli\u00e9nas, Les 4 Cerisiers 2023 - Domaine de Boischampt\",\"isPartOf\":{\"@id\":\"https:\/\/www.domainedeboischampt.fr\/en\/#website\"},\"primaryImageOfPage\":{\"@id\":\"https:\/\/www.domainedeboischampt.fr\/en\/product\/julienas-4-cerisiers\/#primaryimage\"},\"image\":{\"@id\":\"https:\/\/www.domainedeboischampt.fr\/en\/product\/julienas-4-cerisiers\/#primaryimage\"},\"thumbnailUrl\":\"https:\/\/www.domainedeboischampt.fr\/contenu\/uploads\/2020\/06\/Julienas-Les4Cersisiers.jpg\",\"datePublished\":\"2020-06-08T12:59:03+00:00\",\"dateModified\":\"2025-11-05T14:21:50+00:00\",\"breadcrumb\":{\"@id\":\"https:\/\/www.domainedeboischampt.fr\/en\/product\/julienas-4-cerisiers\/#breadcrumb\"},\"inLanguage\":\"en-US\",\"potentialAction\":[{\"@type\":\"ReadAction\",\"target\":[\"https:\/\/www.domainedeboischampt.fr\/en\/product\/julienas-4-cerisiers\/\"]}]},{\"@type\":\"ImageObject\",\"inLanguage\":\"en-US\",\"@id\":\"https:\/\/www.domainedeboischampt.fr\/en\/product\/julienas-4-cerisiers\/#primaryimage\",\"url\":\"https:\/\/www.domainedeboischampt.fr\/contenu\/uploads\/2020\/06\/Julienas-Les4Cersisiers.jpg\",\"contentUrl\":\"https:\/\/www.domainedeboischampt.fr\/contenu\/uploads\/2020\/06\/Julienas-Les4Cersisiers.jpg\",\"width\":4096,\"height\":6261},{\"@type\":\"BreadcrumbList\",\"@id\":\"https:\/\/www.domainedeboischampt.fr\/en\/product\/julienas-4-cerisiers\/#breadcrumb\",\"itemListElement\":[{\"@type\":\"ListItem\",\"position\":1,\"name\":\"Home\",\"item\":\"https:\/\/www.domainedeboischampt.fr\/en\/\"},{\"@type\":\"ListItem\",\"position\":2,\"name\":\"Wines\",\"item\":\"https:\/\/www.domainedeboischampt.fr\/en\/wines\/\"},{\"@type\":\"ListItem\",\"position\":3,\"name\":\"Juli\u00e9nas, Les 4 Cerisiers 2023\"}]},{\"@type\":\"WebSite\",\"@id\":\"https:\/\/www.domainedeboischampt.fr\/en\/#website\",\"url\":\"https:\/\/www.domainedeboischampt.fr\/en\/\",\"name\":\"Domaine de Boischampt\",\"description\":\"\",\"publisher\":{\"@id\":\"https:\/\/www.domainedeboischampt.fr\/en\/#organization\"},\"potentialAction\":[{\"@type\":\"SearchAction\",\"target\":{\"@type\":\"EntryPoint\",\"urlTemplate\":\"https:\/\/www.domainedeboischampt.fr\/en\/?s={search_term_string}\"},\"query-input\":{\"@type\":\"PropertyValueSpecification\",\"valueRequired\":true,\"valueName\":\"search_term_string\"}}],\"inLanguage\":\"en-US\"},{\"@type\":\"Organization\",\"@id\":\"https:\/\/www.domainedeboischampt.fr\/en\/#organization\",\"name\":\"Domaine de Boischampt\",\"url\":\"https:\/\/www.domainedeboischampt.fr\/en\/\",\"logo\":{\"@type\":\"ImageObject\",\"inLanguage\":\"en-US\",\"@id\":\"https:\/\/www.domainedeboischampt.fr\/en\/#\/schema\/logo\/image\/\",\"url\":\"https:\/\/www.domainedeboischampt.fr\/contenu\/uploads\/2019\/10\/domaine-de-boischampt-logo-admin.png\",\"contentUrl\":\"https:\/\/www.domainedeboischampt.fr\/contenu\/uploads\/2019\/10\/domaine-de-boischampt-logo-admin.png\",\"width\":512,\"height\":512,\"caption\":\"Domaine de Boischampt\"},\"image\":{\"@id\":\"https:\/\/www.domainedeboischampt.fr\/en\/#\/schema\/logo\/image\/\"}}]}<\/script>\n<!-- \/ Yoast SEO plugin. -->","yoast_head_json":{"title":"Juli\u00e9nas, Les 4 Cerisiers 2023 - Domaine de Boischampt","robots":{"index":"index","follow":"follow","max-snippet":"max-snippet:-1","max-image-preview":"max-image-preview:large","max-video-preview":"max-video-preview:-1"},"canonical":"https:\/\/www.domainedeboischampt.fr\/en\/product\/julienas-4-cerisiers\/","og_locale":"en_US","og_type":"article","og_title":"Juli\u00e9nas, Les 4 Cerisiers 2023 - Domaine de Boischampt","og_description":"The\u00a0vineyard \u00a0of Juli\u00e9nas is spread over 580 hectares, across the villages of Juli\u00e9nas, Julli\u00e9, et Pruzilly. AOC since 1938,\u00a0Juli\u00e9nas\u00a0is one &hellip;","og_url":"https:\/\/www.domainedeboischampt.fr\/en\/product\/julienas-4-cerisiers\/","og_site_name":"Domaine de Boischampt","article_modified_time":"2025-11-05T14:21:50+00:00","og_image":[{"width":4096,"height":6261,"url":"https:\/\/www.domainedeboischampt.fr\/contenu\/uploads\/2020\/06\/Julienas-Les4Cersisiers.jpg","type":"image\/jpeg"}],"twitter_card":"summary_large_image","twitter_misc":{"Est. reading time":"2 minutes"},"schema":{"@context":"https:\/\/schema.org","@graph":[{"@type":"WebPage","@id":"https:\/\/www.domainedeboischampt.fr\/en\/product\/julienas-4-cerisiers\/","url":"https:\/\/www.domainedeboischampt.fr\/en\/product\/julienas-4-cerisiers\/","name":"Juli\u00e9nas, Les 4 Cerisiers 2023 - Domaine de Boischampt","isPartOf":{"@id":"https:\/\/www.domainedeboischampt.fr\/en\/#website"},"primaryImageOfPage":{"@id":"https:\/\/www.domainedeboischampt.fr\/en\/product\/julienas-4-cerisiers\/#primaryimage"},"image":{"@id":"https:\/\/www.domainedeboischampt.fr\/en\/product\/julienas-4-cerisiers\/#primaryimage"},"thumbnailUrl":"https:\/\/www.domainedeboischampt.fr\/contenu\/uploads\/2020\/06\/Julienas-Les4Cersisiers.jpg","datePublished":"2020-06-08T12:59:03+00:00","dateModified":"2025-11-05T14:21:50+00:00","breadcrumb":{"@id":"https:\/\/www.domainedeboischampt.fr\/en\/product\/julienas-4-cerisiers\/#breadcrumb"},"inLanguage":"en-US","potentialAction":[{"@type":"ReadAction","target":["https:\/\/www.domainedeboischampt.fr\/en\/product\/julienas-4-cerisiers\/"]}]},{"@type":"ImageObject","inLanguage":"en-US","@id":"https:\/\/www.domainedeboischampt.fr\/en\/product\/julienas-4-cerisiers\/#primaryimage","url":"https:\/\/www.domainedeboischampt.fr\/contenu\/uploads\/2020\/06\/Julienas-Les4Cersisiers.jpg","contentUrl":"https:\/\/www.domainedeboischampt.fr\/contenu\/uploads\/2020\/06\/Julienas-Les4Cersisiers.jpg","width":4096,"height":6261},{"@type":"BreadcrumbList","@id":"https:\/\/www.domainedeboischampt.fr\/en\/product\/julienas-4-cerisiers\/#breadcrumb","itemListElement":[{"@type":"ListItem","position":1,"name":"Home","item":"https:\/\/www.domainedeboischampt.fr\/en\/"},{"@type":"ListItem","position":2,"name":"Wines","item":"https:\/\/www.domainedeboischampt.fr\/en\/wines\/"},{"@type":"ListItem","position":3,"name":"Juli\u00e9nas, Les 4 Cerisiers 2023"}]},{"@type":"WebSite","@id":"https:\/\/www.domainedeboischampt.fr\/en\/#website","url":"https:\/\/www.domainedeboischampt.fr\/en\/","name":"Domaine de Boischampt","description":"","publisher":{"@id":"https:\/\/www.domainedeboischampt.fr\/en\/#organization"},"potentialAction":[{"@type":"SearchAction","target":{"@type":"EntryPoint","urlTemplate":"https:\/\/www.domainedeboischampt.fr\/en\/?s={search_term_string}"},"query-input":{"@type":"PropertyValueSpecification","valueRequired":true,"valueName":"search_term_string"}}],"inLanguage":"en-US"},{"@type":"Organization","@id":"https:\/\/www.domainedeboischampt.fr\/en\/#organization","name":"Domaine de Boischampt","url":"https:\/\/www.domainedeboischampt.fr\/en\/","logo":{"@type":"ImageObject","inLanguage":"en-US","@id":"https:\/\/www.domainedeboischampt.fr\/en\/#\/schema\/logo\/image\/","url":"https:\/\/www.domainedeboischampt.fr\/contenu\/uploads\/2019\/10\/domaine-de-boischampt-logo-admin.png","contentUrl":"https:\/\/www.domainedeboischampt.fr\/contenu\/uploads\/2019\/10\/domaine-de-boischampt-logo-admin.png","width":512,"height":512,"caption":"Domaine de Boischampt"},"image":{"@id":"https:\/\/www.domainedeboischampt.fr\/en\/#\/schema\/logo\/image\/"}}]}},"_links":{"self":[{"href":"https:\/\/www.domainedeboischampt.fr\/en\/wp-json\/wp\/v2\/product\/3018","targetHints":{"allow":["GET"]}}],"collection":[{"href":"https:\/\/www.domainedeboischampt.fr\/en\/wp-json\/wp\/v2\/product"}],"about":[{"href":"https:\/\/www.domainedeboischampt.fr\/en\/wp-json\/wp\/v2\/types\/product"}],"replies":[{"embeddable":true,"href":"https:\/\/www.domainedeboischampt.fr\/en\/wp-json\/wp\/v2\/comments?post=3018"}],"wp:featuredmedia":[{"embeddable":true,"href":"https:\/\/www.domainedeboischampt.fr\/en\/wp-json\/wp\/v2\/media\/17206"}],"wp:attachment":[{"href":"https:\/\/www.domainedeboischampt.fr\/en\/wp-json\/wp\/v2\/media?parent=3018"}],"wp:term":[{"taxonomy":"product_cat","embeddable":true,"href":"https:\/\/www.domainedeboischampt.fr\/en\/wp-json\/wp\/v2\/product_cat?post=3018"},{"taxonomy":"product_tag","embeddable":true,"href":"https:\/\/www.domainedeboischampt.fr\/en\/wp-json\/wp\/v2\/product_tag?post=3018"}],"curies":[{"name":"wp","href":"https:\/\/api.w.org\/{rel}","templated":true}]}}