{"id":3020,"date":"2020-06-08T15:33:05","date_gmt":"2020-06-08T13:33:05","guid":{"rendered":"https:\/\/www.domainedeboischampt.fr\/product\/julienas-vayolette\/"},"modified":"2025-11-05T15:21:52","modified_gmt":"2025-11-05T14:21:52","slug":"julienas-vayolette","status":"publish","type":"product","link":"https:\/\/www.domainedeboischampt.fr\/en\/product\/julienas-vayolette\/","title":{"rendered":"Juli\u00e9nas, Vayolette 2022"},"content":{"rendered":"<p class=\"p1\"><span class=\"s1\">The\u00a0<a href=\"https:\/\/www.domaine-danielvoluet.com\/\">vineyard<b> <\/b><\/a>\u00a0of Juli\u00e9nas is spread over 580 hectares, across the villages of Juli\u00e9nas, Julli\u00e9, et Pruzilly. AOC since 1938,\u00a0<a href=\"https:\/\/www.domaine-danielvoluet.com\/vigneron-julienas.php\">Juli\u00e9nas<\/a>\u00a0is one of the ten crus of Beaujolais. From the combination of its unique grape and its famous terroirs, is born a red wine, suitable for ageing (ten years on average and sometimes more for some wines).<\/span><\/p>\n<p class=\"p1\"><span class=\"s1\">The name Juli\u00e9nas is said to comes from JULIUS CAESAR.<\/span><\/p>\n<p class=\"p1\"><span class=\"s1\"><b>Our Vineyard<\/b><\/span><\/p>\n<p class=\"p1\"><span class=\"s1\"><b>Location : <\/b>Juli\u00e9nas is located on the granitic foothills of the High Beaujolais on steep slopes ranging from 20% to 45%. The land is poor and particularly suitable for growing grapes. The structure of the subsoil gives a natural tannic power to the wines of the appellation that must be mastered to develop quality wines.<\/span><\/p>\n<p class=\"p1\"><span class=\"s1\"><b>Grape Variety :<\/b> Black Gamay<\/span><\/p>\n<p class=\"p1\"><span class=\"s1\"><b>Soil and Subsoil :<\/b> Diversified granitic soil and subsoil on blue stones altered at shallow depth<\/span><\/p>\n<p class=\"p1\"><span class=\"s1\"><b>Surface : <\/b>1Ha15<\/span><\/p>\n<p class=\"p1\"><span class=\"s1\"><b>Exposure : <\/b>Northeast<\/span><\/p>\n<p class=\"p1\"><span class=\"s1\"><b>Plantation :<\/b>1969 : 14 ares 77, 1970 : 77 ares 32, 1992 : 10 ares 99, 2015 : 12 ares 13<\/span><\/p>\n<p class=\"p1\">\n","protected":false},"excerpt":{"rendered":"<p>The\u00a0vineyard \u00a0of Juli\u00e9nas is spread over 580 hectares, across the villages of Juli\u00e9nas, Julli\u00e9, et Pruzilly. AOC since 1938,\u00a0Juli\u00e9nas\u00a0is one &hellip;<\/p>\n","protected":false},"featured_media":13000,"comment_status":"open","ping_status":"closed","template":"","meta":{"_acf_changed":false},"product_cat":[108,76],"product_tag":[],"class_list":{"0":"post-3020","1":"product","2":"type-product","3":"status-publish","4":"has-post-thumbnail","6":"product_cat-les-parcellaires-en","7":"product_cat-red-wine","9":"first","10":"instock","11":"taxable","12":"shipping-taxable","13":"purchasable","14":"product-type-simple"},"acf":[],"yoast_head":"<!-- This site is optimized with the Yoast SEO plugin v23.5 - https:\/\/yoast.com\/wordpress\/plugins\/seo\/ -->\n<title>Juli\u00e9nas, Vayolette 2022 - Domaine de Boischampt<\/title>\n<meta name=\"robots\" content=\"index, follow, max-snippet:-1, max-image-preview:large, max-video-preview:-1\" \/>\n<link rel=\"canonical\" href=\"https:\/\/www.domainedeboischampt.fr\/en\/product\/julienas-vayolette\/\" \/>\n<meta property=\"og:locale\" content=\"en_US\" \/>\n<meta property=\"og:type\" content=\"article\" \/>\n<meta property=\"og:title\" content=\"Juli\u00e9nas, Vayolette 2022 - Domaine de Boischampt\" \/>\n<meta property=\"og:description\" content=\"The\u00a0vineyard \u00a0of Juli\u00e9nas is spread over 580 hectares, across the villages of Juli\u00e9nas, Julli\u00e9, et Pruzilly. AOC since 1938,\u00a0Juli\u00e9nas\u00a0is one &hellip;\" \/>\n<meta property=\"og:url\" content=\"https:\/\/www.domainedeboischampt.fr\/en\/product\/julienas-vayolette\/\" \/>\n<meta property=\"og:site_name\" content=\"Domaine de Boischampt\" \/>\n<meta property=\"article:modified_time\" content=\"2025-11-05T14:21:52+00:00\" \/>\n<meta property=\"og:image\" content=\"https:\/\/www.domainedeboischampt.fr\/contenu\/uploads\/2023\/01\/PC-Julienas-Vayolette.png\" \/>\n\t<meta property=\"og:image:width\" content=\"1171\" \/>\n\t<meta property=\"og:image:height\" content=\"1790\" \/>\n\t<meta property=\"og:image:type\" content=\"image\/png\" \/>\n<meta name=\"twitter:card\" content=\"summary_large_image\" \/>\n<meta name=\"twitter:label1\" content=\"Est. reading time\" \/>\n\t<meta name=\"twitter:data1\" content=\"2 minutes\" \/>\n<script type=\"application\/ld+json\" class=\"yoast-schema-graph\">{\"@context\":\"https:\/\/schema.org\",\"@graph\":[{\"@type\":\"WebPage\",\"@id\":\"https:\/\/www.domainedeboischampt.fr\/en\/product\/julienas-vayolette\/\",\"url\":\"https:\/\/www.domainedeboischampt.fr\/en\/product\/julienas-vayolette\/\",\"name\":\"Juli\u00e9nas, Vayolette 2022 - Domaine de Boischampt\",\"isPartOf\":{\"@id\":\"https:\/\/www.domainedeboischampt.fr\/en\/#website\"},\"primaryImageOfPage\":{\"@id\":\"https:\/\/www.domainedeboischampt.fr\/en\/product\/julienas-vayolette\/#primaryimage\"},\"image\":{\"@id\":\"https:\/\/www.domainedeboischampt.fr\/en\/product\/julienas-vayolette\/#primaryimage\"},\"thumbnailUrl\":\"https:\/\/www.domainedeboischampt.fr\/contenu\/uploads\/2023\/01\/PC-Julienas-Vayolette.png\",\"datePublished\":\"2020-06-08T13:33:05+00:00\",\"dateModified\":\"2025-11-05T14:21:52+00:00\",\"breadcrumb\":{\"@id\":\"https:\/\/www.domainedeboischampt.fr\/en\/product\/julienas-vayolette\/#breadcrumb\"},\"inLanguage\":\"en-US\",\"potentialAction\":[{\"@type\":\"ReadAction\",\"target\":[\"https:\/\/www.domainedeboischampt.fr\/en\/product\/julienas-vayolette\/\"]}]},{\"@type\":\"ImageObject\",\"inLanguage\":\"en-US\",\"@id\":\"https:\/\/www.domainedeboischampt.fr\/en\/product\/julienas-vayolette\/#primaryimage\",\"url\":\"https:\/\/www.domainedeboischampt.fr\/contenu\/uploads\/2023\/01\/PC-Julienas-Vayolette.png\",\"contentUrl\":\"https:\/\/www.domainedeboischampt.fr\/contenu\/uploads\/2023\/01\/PC-Julienas-Vayolette.png\",\"width\":1171,\"height\":1790},{\"@type\":\"BreadcrumbList\",\"@id\":\"https:\/\/www.domainedeboischampt.fr\/en\/product\/julienas-vayolette\/#breadcrumb\",\"itemListElement\":[{\"@type\":\"ListItem\",\"position\":1,\"name\":\"Home\",\"item\":\"https:\/\/www.domainedeboischampt.fr\/en\/\"},{\"@type\":\"ListItem\",\"position\":2,\"name\":\"Wines\",\"item\":\"https:\/\/www.domainedeboischampt.fr\/en\/wines\/\"},{\"@type\":\"ListItem\",\"position\":3,\"name\":\"Juli\u00e9nas, Vayolette 2022\"}]},{\"@type\":\"WebSite\",\"@id\":\"https:\/\/www.domainedeboischampt.fr\/en\/#website\",\"url\":\"https:\/\/www.domainedeboischampt.fr\/en\/\",\"name\":\"Domaine de Boischampt\",\"description\":\"\",\"publisher\":{\"@id\":\"https:\/\/www.domainedeboischampt.fr\/en\/#organization\"},\"potentialAction\":[{\"@type\":\"SearchAction\",\"target\":{\"@type\":\"EntryPoint\",\"urlTemplate\":\"https:\/\/www.domainedeboischampt.fr\/en\/?s={search_term_string}\"},\"query-input\":{\"@type\":\"PropertyValueSpecification\",\"valueRequired\":true,\"valueName\":\"search_term_string\"}}],\"inLanguage\":\"en-US\"},{\"@type\":\"Organization\",\"@id\":\"https:\/\/www.domainedeboischampt.fr\/en\/#organization\",\"name\":\"Domaine de Boischampt\",\"url\":\"https:\/\/www.domainedeboischampt.fr\/en\/\",\"logo\":{\"@type\":\"ImageObject\",\"inLanguage\":\"en-US\",\"@id\":\"https:\/\/www.domainedeboischampt.fr\/en\/#\/schema\/logo\/image\/\",\"url\":\"https:\/\/www.domainedeboischampt.fr\/contenu\/uploads\/2019\/10\/domaine-de-boischampt-logo-admin.png\",\"contentUrl\":\"https:\/\/www.domainedeboischampt.fr\/contenu\/uploads\/2019\/10\/domaine-de-boischampt-logo-admin.png\",\"width\":512,\"height\":512,\"caption\":\"Domaine de Boischampt\"},\"image\":{\"@id\":\"https:\/\/www.domainedeboischampt.fr\/en\/#\/schema\/logo\/image\/\"}}]}<\/script>\n<!-- \/ Yoast SEO plugin. -->","yoast_head_json":{"title":"Juli\u00e9nas, Vayolette 2022 - Domaine de Boischampt","robots":{"index":"index","follow":"follow","max-snippet":"max-snippet:-1","max-image-preview":"max-image-preview:large","max-video-preview":"max-video-preview:-1"},"canonical":"https:\/\/www.domainedeboischampt.fr\/en\/product\/julienas-vayolette\/","og_locale":"en_US","og_type":"article","og_title":"Juli\u00e9nas, Vayolette 2022 - Domaine de Boischampt","og_description":"The\u00a0vineyard \u00a0of Juli\u00e9nas is spread over 580 hectares, across the villages of Juli\u00e9nas, Julli\u00e9, et Pruzilly. AOC since 1938,\u00a0Juli\u00e9nas\u00a0is one &hellip;","og_url":"https:\/\/www.domainedeboischampt.fr\/en\/product\/julienas-vayolette\/","og_site_name":"Domaine de Boischampt","article_modified_time":"2025-11-05T14:21:52+00:00","og_image":[{"width":1171,"height":1790,"url":"https:\/\/www.domainedeboischampt.fr\/contenu\/uploads\/2023\/01\/PC-Julienas-Vayolette.png","type":"image\/png"}],"twitter_card":"summary_large_image","twitter_misc":{"Est. reading time":"2 minutes"},"schema":{"@context":"https:\/\/schema.org","@graph":[{"@type":"WebPage","@id":"https:\/\/www.domainedeboischampt.fr\/en\/product\/julienas-vayolette\/","url":"https:\/\/www.domainedeboischampt.fr\/en\/product\/julienas-vayolette\/","name":"Juli\u00e9nas, Vayolette 2022 - Domaine de Boischampt","isPartOf":{"@id":"https:\/\/www.domainedeboischampt.fr\/en\/#website"},"primaryImageOfPage":{"@id":"https:\/\/www.domainedeboischampt.fr\/en\/product\/julienas-vayolette\/#primaryimage"},"image":{"@id":"https:\/\/www.domainedeboischampt.fr\/en\/product\/julienas-vayolette\/#primaryimage"},"thumbnailUrl":"https:\/\/www.domainedeboischampt.fr\/contenu\/uploads\/2023\/01\/PC-Julienas-Vayolette.png","datePublished":"2020-06-08T13:33:05+00:00","dateModified":"2025-11-05T14:21:52+00:00","breadcrumb":{"@id":"https:\/\/www.domainedeboischampt.fr\/en\/product\/julienas-vayolette\/#breadcrumb"},"inLanguage":"en-US","potentialAction":[{"@type":"ReadAction","target":["https:\/\/www.domainedeboischampt.fr\/en\/product\/julienas-vayolette\/"]}]},{"@type":"ImageObject","inLanguage":"en-US","@id":"https:\/\/www.domainedeboischampt.fr\/en\/product\/julienas-vayolette\/#primaryimage","url":"https:\/\/www.domainedeboischampt.fr\/contenu\/uploads\/2023\/01\/PC-Julienas-Vayolette.png","contentUrl":"https:\/\/www.domainedeboischampt.fr\/contenu\/uploads\/2023\/01\/PC-Julienas-Vayolette.png","width":1171,"height":1790},{"@type":"BreadcrumbList","@id":"https:\/\/www.domainedeboischampt.fr\/en\/product\/julienas-vayolette\/#breadcrumb","itemListElement":[{"@type":"ListItem","position":1,"name":"Home","item":"https:\/\/www.domainedeboischampt.fr\/en\/"},{"@type":"ListItem","position":2,"name":"Wines","item":"https:\/\/www.domainedeboischampt.fr\/en\/wines\/"},{"@type":"ListItem","position":3,"name":"Juli\u00e9nas, Vayolette 2022"}]},{"@type":"WebSite","@id":"https:\/\/www.domainedeboischampt.fr\/en\/#website","url":"https:\/\/www.domainedeboischampt.fr\/en\/","name":"Domaine de Boischampt","description":"","publisher":{"@id":"https:\/\/www.domainedeboischampt.fr\/en\/#organization"},"potentialAction":[{"@type":"SearchAction","target":{"@type":"EntryPoint","urlTemplate":"https:\/\/www.domainedeboischampt.fr\/en\/?s={search_term_string}"},"query-input":{"@type":"PropertyValueSpecification","valueRequired":true,"valueName":"search_term_string"}}],"inLanguage":"en-US"},{"@type":"Organization","@id":"https:\/\/www.domainedeboischampt.fr\/en\/#organization","name":"Domaine de Boischampt","url":"https:\/\/www.domainedeboischampt.fr\/en\/","logo":{"@type":"ImageObject","inLanguage":"en-US","@id":"https:\/\/www.domainedeboischampt.fr\/en\/#\/schema\/logo\/image\/","url":"https:\/\/www.domainedeboischampt.fr\/contenu\/uploads\/2019\/10\/domaine-de-boischampt-logo-admin.png","contentUrl":"https:\/\/www.domainedeboischampt.fr\/contenu\/uploads\/2019\/10\/domaine-de-boischampt-logo-admin.png","width":512,"height":512,"caption":"Domaine de Boischampt"},"image":{"@id":"https:\/\/www.domainedeboischampt.fr\/en\/#\/schema\/logo\/image\/"}}]}},"_links":{"self":[{"href":"https:\/\/www.domainedeboischampt.fr\/en\/wp-json\/wp\/v2\/product\/3020","targetHints":{"allow":["GET"]}}],"collection":[{"href":"https:\/\/www.domainedeboischampt.fr\/en\/wp-json\/wp\/v2\/product"}],"about":[{"href":"https:\/\/www.domainedeboischampt.fr\/en\/wp-json\/wp\/v2\/types\/product"}],"replies":[{"embeddable":true,"href":"https:\/\/www.domainedeboischampt.fr\/en\/wp-json\/wp\/v2\/comments?post=3020"}],"wp:featuredmedia":[{"embeddable":true,"href":"https:\/\/www.domainedeboischampt.fr\/en\/wp-json\/wp\/v2\/media\/13000"}],"wp:attachment":[{"href":"https:\/\/www.domainedeboischampt.fr\/en\/wp-json\/wp\/v2\/media?parent=3020"}],"wp:term":[{"taxonomy":"product_cat","embeddable":true,"href":"https:\/\/www.domainedeboischampt.fr\/en\/wp-json\/wp\/v2\/product_cat?post=3020"},{"taxonomy":"product_tag","embeddable":true,"href":"https:\/\/www.domainedeboischampt.fr\/en\/wp-json\/wp\/v2\/product_tag?post=3020"}],"curies":[{"name":"wp","href":"https:\/\/api.w.org\/{rel}","templated":true}]}}