{"id":3643,"date":"2020-10-06T14:29:11","date_gmt":"2020-10-06T12:29:11","guid":{"rendered":"https:\/\/www.domainedeboischampt.fr\/product\/chenas\/"},"modified":"2025-11-05T15:21:56","modified_gmt":"2025-11-05T14:21:56","slug":"chenas","status":"publish","type":"product","link":"https:\/\/www.domainedeboischampt.fr\/en\/product\/chenas\/","title":{"rendered":"Ch\u00e9nas, 2023"},"content":{"rendered":"<p>With less than 300 ha of vines, Ch\u00e9nas is the smallest vineyard in surface area in the Beaujolais wine region. Just to the south of Moulin-\u00e0-Vent, its famous neighbour, Ch\u00e9nas extends over a long and narrow stretch of land. The terroir, comprised of weathered granite, produces wines with an intense robe and bluish reflections. Supported by harmonious tannins, the aromas reveal flowery and spicy notes. There are just so many reasons why it became the absolute favourite of King Louis XIII!<\/p>\n<h3>Our plot<\/h3>\n<p><strong>Location<\/strong>: This vineyard is located in the French commune of Ch\u00e9nas on land known as \u201cLes Deschanes\u201d.<\/p>\n<p>On granite slopes with very sandy meagre soil only allowing for limited yet high-quality production. Although lesser known than Moulin-\u00c0-Vent, most Ch\u00e9nas wines have the same body and quality of their prestigious neighbours. Also benefitting from a rather long maceration period for this region (ten to twelve days) and sometimes barrel-aging, they are fleshy and charming and can age well.<\/p>\n<p><strong><span lang=\"en-GB\">Grape Variety :\u00a0<\/span><\/strong><span lang=\"en-GB\"> Black Gamay<\/span><br \/>\n<strong><span lang=\"en-GB\">Soil and Subsoil : <\/span><\/strong><span lang=\"en-GB\">Granit altered at shallow depth<\/span><br \/>\n<strong>Surface<\/strong> : 60Ares02<br \/>\n<strong><span lang=\"en-GB\">Exposure :<\/span><\/strong> South<br \/>\n<strong>Plantation<\/strong> : 1955-1956<\/p>\n","protected":false},"excerpt":{"rendered":"<p><img loading=\"lazy\" decoding=\"async\" class=\"alignnone  wp-image-19183\" src=\"https:\/\/www.domainedeboischampt.fr\/contenu\/uploads\/2025\/02\/logo-AB-communication-248x300.jpg\" alt=\"\" width=\"87\" height=\"106\" srcset=\"https:\/\/www.domainedeboischampt.fr\/contenu\/uploads\/2025\/02\/logo-AB-communication-248x300.jpg 248w, https:\/\/www.domainedeboischampt.fr\/contenu\/uploads\/2025\/02\/logo-AB-communication-300x363.jpg 300w, https:\/\/www.domainedeboischampt.fr\/contenu\/uploads\/2025\/02\/logo-AB-communication-600x726.jpg 600w, https:\/\/www.domainedeboischampt.fr\/contenu\/uploads\/2025\/02\/logo-AB-communication-847x1024.jpg 847w, https:\/\/www.domainedeboischampt.fr\/contenu\/uploads\/2025\/02\/logo-AB-communication-768x929.jpg 768w, https:\/\/www.domainedeboischampt.fr\/contenu\/uploads\/2025\/02\/logo-AB-communication-1270x1536.jpg 1270w, https:\/\/www.domainedeboischampt.fr\/contenu\/uploads\/2025\/02\/logo-AB-communication-1693x2048.jpg 1693w, https:\/\/www.domainedeboischampt.fr\/contenu\/uploads\/2025\/02\/logo-AB-communication-165x200.jpg 165w, https:\/\/www.domainedeboischampt.fr\/contenu\/uploads\/2025\/02\/logo-AB-communication-217x262.jpg 217w, https:\/\/www.domainedeboischampt.fr\/contenu\/uploads\/2025\/02\/logo-AB-communication-440x532.jpg 440w, https:\/\/www.domainedeboischampt.fr\/contenu\/uploads\/2025\/02\/logo-AB-communication-424x513.jpg 424w, https:\/\/www.domainedeboischampt.fr\/contenu\/uploads\/2025\/02\/logo-AB-communication-413x500.jpg 413w, https:\/\/www.domainedeboischampt.fr\/contenu\/uploads\/2025\/02\/logo-AB-communication-20x24.jpg 20w, https:\/\/www.domainedeboischampt.fr\/contenu\/uploads\/2025\/02\/logo-AB-communication-30x36.jpg 30w, https:\/\/www.domainedeboischampt.fr\/contenu\/uploads\/2025\/02\/logo-AB-communication-40x48.jpg 40w, https:\/\/www.domainedeboischampt.fr\/contenu\/uploads\/2025\/02\/logo-AB-communication.jpg 1833w\" sizes=\"auto, (max-width: 87px) 100vw, 87px\" \/>Round and structured, this vintage made with whole clusters reveals powerful and complex aromas. The optimal grape ripeness gives it characteristic length in the mouth: To be served starting now.<\/p>\n","protected":false},"featured_media":17209,"comment_status":"closed","ping_status":"closed","template":"","meta":{"_acf_changed":false},"product_cat":[107,76],"product_tag":[],"class_list":{"0":"post-3643","1":"product","2":"type-product","3":"status-publish","4":"has-post-thumbnail","6":"product_cat-les-crus-en","7":"product_cat-red-wine","9":"first","10":"instock","11":"taxable","12":"shipping-taxable","13":"purchasable","14":"product-type-simple"},"acf":[],"yoast_head":"<!-- This site is optimized with the Yoast SEO plugin v23.5 - https:\/\/yoast.com\/wordpress\/plugins\/seo\/ -->\n<title>Ch\u00e9nas, 2023 - Domaine de Boischampt<\/title>\n<meta name=\"robots\" content=\"index, follow, max-snippet:-1, max-image-preview:large, max-video-preview:-1\" \/>\n<link rel=\"canonical\" href=\"https:\/\/www.domainedeboischampt.fr\/en\/product\/chenas\/\" \/>\n<meta property=\"og:locale\" content=\"en_US\" \/>\n<meta property=\"og:type\" content=\"article\" \/>\n<meta property=\"og:title\" content=\"Ch\u00e9nas, 2023 - Domaine de Boischampt\" \/>\n<meta property=\"og:description\" content=\"Round and structured, this vintage made with whole clusters reveals powerful and complex aromas. The optimal grape ripeness gives it characteristic length in the mouth: To be served starting now.\" \/>\n<meta property=\"og:url\" content=\"https:\/\/www.domainedeboischampt.fr\/en\/product\/chenas\/\" \/>\n<meta property=\"og:site_name\" content=\"Domaine de Boischampt\" \/>\n<meta property=\"article:modified_time\" content=\"2025-11-05T14:21:56+00:00\" \/>\n<meta property=\"og:image\" content=\"https:\/\/www.domainedeboischampt.fr\/contenu\/uploads\/2020\/10\/Chenas-1.jpg\" \/>\n\t<meta property=\"og:image:width\" content=\"785\" \/>\n\t<meta property=\"og:image:height\" content=\"1200\" \/>\n\t<meta property=\"og:image:type\" content=\"image\/jpeg\" \/>\n<meta name=\"twitter:card\" content=\"summary_large_image\" \/>\n<meta name=\"twitter:label1\" content=\"Est. reading time\" \/>\n\t<meta name=\"twitter:data1\" content=\"2 minutes\" \/>\n<script type=\"application\/ld+json\" class=\"yoast-schema-graph\">{\"@context\":\"https:\/\/schema.org\",\"@graph\":[{\"@type\":\"WebPage\",\"@id\":\"https:\/\/www.domainedeboischampt.fr\/en\/product\/chenas\/\",\"url\":\"https:\/\/www.domainedeboischampt.fr\/en\/product\/chenas\/\",\"name\":\"Ch\u00e9nas, 2023 - Domaine de Boischampt\",\"isPartOf\":{\"@id\":\"https:\/\/www.domainedeboischampt.fr\/en\/#website\"},\"primaryImageOfPage\":{\"@id\":\"https:\/\/www.domainedeboischampt.fr\/en\/product\/chenas\/#primaryimage\"},\"image\":{\"@id\":\"https:\/\/www.domainedeboischampt.fr\/en\/product\/chenas\/#primaryimage\"},\"thumbnailUrl\":\"https:\/\/www.domainedeboischampt.fr\/contenu\/uploads\/2020\/10\/Chenas-1.jpg\",\"datePublished\":\"2020-10-06T12:29:11+00:00\",\"dateModified\":\"2025-11-05T14:21:56+00:00\",\"breadcrumb\":{\"@id\":\"https:\/\/www.domainedeboischampt.fr\/en\/product\/chenas\/#breadcrumb\"},\"inLanguage\":\"en-US\",\"potentialAction\":[{\"@type\":\"ReadAction\",\"target\":[\"https:\/\/www.domainedeboischampt.fr\/en\/product\/chenas\/\"]}]},{\"@type\":\"ImageObject\",\"inLanguage\":\"en-US\",\"@id\":\"https:\/\/www.domainedeboischampt.fr\/en\/product\/chenas\/#primaryimage\",\"url\":\"https:\/\/www.domainedeboischampt.fr\/contenu\/uploads\/2020\/10\/Chenas-1.jpg\",\"contentUrl\":\"https:\/\/www.domainedeboischampt.fr\/contenu\/uploads\/2020\/10\/Chenas-1.jpg\",\"width\":785,\"height\":1200},{\"@type\":\"BreadcrumbList\",\"@id\":\"https:\/\/www.domainedeboischampt.fr\/en\/product\/chenas\/#breadcrumb\",\"itemListElement\":[{\"@type\":\"ListItem\",\"position\":1,\"name\":\"Home\",\"item\":\"https:\/\/www.domainedeboischampt.fr\/en\/\"},{\"@type\":\"ListItem\",\"position\":2,\"name\":\"Wines\",\"item\":\"https:\/\/www.domainedeboischampt.fr\/en\/wines\/\"},{\"@type\":\"ListItem\",\"position\":3,\"name\":\"Ch\u00e9nas, 2023\"}]},{\"@type\":\"WebSite\",\"@id\":\"https:\/\/www.domainedeboischampt.fr\/en\/#website\",\"url\":\"https:\/\/www.domainedeboischampt.fr\/en\/\",\"name\":\"Domaine de Boischampt\",\"description\":\"\",\"publisher\":{\"@id\":\"https:\/\/www.domainedeboischampt.fr\/en\/#organization\"},\"potentialAction\":[{\"@type\":\"SearchAction\",\"target\":{\"@type\":\"EntryPoint\",\"urlTemplate\":\"https:\/\/www.domainedeboischampt.fr\/en\/?s={search_term_string}\"},\"query-input\":{\"@type\":\"PropertyValueSpecification\",\"valueRequired\":true,\"valueName\":\"search_term_string\"}}],\"inLanguage\":\"en-US\"},{\"@type\":\"Organization\",\"@id\":\"https:\/\/www.domainedeboischampt.fr\/en\/#organization\",\"name\":\"Domaine de Boischampt\",\"url\":\"https:\/\/www.domainedeboischampt.fr\/en\/\",\"logo\":{\"@type\":\"ImageObject\",\"inLanguage\":\"en-US\",\"@id\":\"https:\/\/www.domainedeboischampt.fr\/en\/#\/schema\/logo\/image\/\",\"url\":\"https:\/\/www.domainedeboischampt.fr\/contenu\/uploads\/2019\/10\/domaine-de-boischampt-logo-admin.png\",\"contentUrl\":\"https:\/\/www.domainedeboischampt.fr\/contenu\/uploads\/2019\/10\/domaine-de-boischampt-logo-admin.png\",\"width\":512,\"height\":512,\"caption\":\"Domaine de Boischampt\"},\"image\":{\"@id\":\"https:\/\/www.domainedeboischampt.fr\/en\/#\/schema\/logo\/image\/\"}}]}<\/script>\n<!-- \/ Yoast SEO plugin. -->","yoast_head_json":{"title":"Ch\u00e9nas, 2023 - Domaine de Boischampt","robots":{"index":"index","follow":"follow","max-snippet":"max-snippet:-1","max-image-preview":"max-image-preview:large","max-video-preview":"max-video-preview:-1"},"canonical":"https:\/\/www.domainedeboischampt.fr\/en\/product\/chenas\/","og_locale":"en_US","og_type":"article","og_title":"Ch\u00e9nas, 2023 - Domaine de Boischampt","og_description":"Round and structured, this vintage made with whole clusters reveals powerful and complex aromas. The optimal grape ripeness gives it characteristic length in the mouth: To be served starting now.","og_url":"https:\/\/www.domainedeboischampt.fr\/en\/product\/chenas\/","og_site_name":"Domaine de Boischampt","article_modified_time":"2025-11-05T14:21:56+00:00","og_image":[{"width":785,"height":1200,"url":"https:\/\/www.domainedeboischampt.fr\/contenu\/uploads\/2020\/10\/Chenas-1.jpg","type":"image\/jpeg"}],"twitter_card":"summary_large_image","twitter_misc":{"Est. reading time":"2 minutes"},"schema":{"@context":"https:\/\/schema.org","@graph":[{"@type":"WebPage","@id":"https:\/\/www.domainedeboischampt.fr\/en\/product\/chenas\/","url":"https:\/\/www.domainedeboischampt.fr\/en\/product\/chenas\/","name":"Ch\u00e9nas, 2023 - Domaine de Boischampt","isPartOf":{"@id":"https:\/\/www.domainedeboischampt.fr\/en\/#website"},"primaryImageOfPage":{"@id":"https:\/\/www.domainedeboischampt.fr\/en\/product\/chenas\/#primaryimage"},"image":{"@id":"https:\/\/www.domainedeboischampt.fr\/en\/product\/chenas\/#primaryimage"},"thumbnailUrl":"https:\/\/www.domainedeboischampt.fr\/contenu\/uploads\/2020\/10\/Chenas-1.jpg","datePublished":"2020-10-06T12:29:11+00:00","dateModified":"2025-11-05T14:21:56+00:00","breadcrumb":{"@id":"https:\/\/www.domainedeboischampt.fr\/en\/product\/chenas\/#breadcrumb"},"inLanguage":"en-US","potentialAction":[{"@type":"ReadAction","target":["https:\/\/www.domainedeboischampt.fr\/en\/product\/chenas\/"]}]},{"@type":"ImageObject","inLanguage":"en-US","@id":"https:\/\/www.domainedeboischampt.fr\/en\/product\/chenas\/#primaryimage","url":"https:\/\/www.domainedeboischampt.fr\/contenu\/uploads\/2020\/10\/Chenas-1.jpg","contentUrl":"https:\/\/www.domainedeboischampt.fr\/contenu\/uploads\/2020\/10\/Chenas-1.jpg","width":785,"height":1200},{"@type":"BreadcrumbList","@id":"https:\/\/www.domainedeboischampt.fr\/en\/product\/chenas\/#breadcrumb","itemListElement":[{"@type":"ListItem","position":1,"name":"Home","item":"https:\/\/www.domainedeboischampt.fr\/en\/"},{"@type":"ListItem","position":2,"name":"Wines","item":"https:\/\/www.domainedeboischampt.fr\/en\/wines\/"},{"@type":"ListItem","position":3,"name":"Ch\u00e9nas, 2023"}]},{"@type":"WebSite","@id":"https:\/\/www.domainedeboischampt.fr\/en\/#website","url":"https:\/\/www.domainedeboischampt.fr\/en\/","name":"Domaine de Boischampt","description":"","publisher":{"@id":"https:\/\/www.domainedeboischampt.fr\/en\/#organization"},"potentialAction":[{"@type":"SearchAction","target":{"@type":"EntryPoint","urlTemplate":"https:\/\/www.domainedeboischampt.fr\/en\/?s={search_term_string}"},"query-input":{"@type":"PropertyValueSpecification","valueRequired":true,"valueName":"search_term_string"}}],"inLanguage":"en-US"},{"@type":"Organization","@id":"https:\/\/www.domainedeboischampt.fr\/en\/#organization","name":"Domaine de Boischampt","url":"https:\/\/www.domainedeboischampt.fr\/en\/","logo":{"@type":"ImageObject","inLanguage":"en-US","@id":"https:\/\/www.domainedeboischampt.fr\/en\/#\/schema\/logo\/image\/","url":"https:\/\/www.domainedeboischampt.fr\/contenu\/uploads\/2019\/10\/domaine-de-boischampt-logo-admin.png","contentUrl":"https:\/\/www.domainedeboischampt.fr\/contenu\/uploads\/2019\/10\/domaine-de-boischampt-logo-admin.png","width":512,"height":512,"caption":"Domaine de Boischampt"},"image":{"@id":"https:\/\/www.domainedeboischampt.fr\/en\/#\/schema\/logo\/image\/"}}]}},"_links":{"self":[{"href":"https:\/\/www.domainedeboischampt.fr\/en\/wp-json\/wp\/v2\/product\/3643","targetHints":{"allow":["GET"]}}],"collection":[{"href":"https:\/\/www.domainedeboischampt.fr\/en\/wp-json\/wp\/v2\/product"}],"about":[{"href":"https:\/\/www.domainedeboischampt.fr\/en\/wp-json\/wp\/v2\/types\/product"}],"replies":[{"embeddable":true,"href":"https:\/\/www.domainedeboischampt.fr\/en\/wp-json\/wp\/v2\/comments?post=3643"}],"wp:featuredmedia":[{"embeddable":true,"href":"https:\/\/www.domainedeboischampt.fr\/en\/wp-json\/wp\/v2\/media\/17209"}],"wp:attachment":[{"href":"https:\/\/www.domainedeboischampt.fr\/en\/wp-json\/wp\/v2\/media?parent=3643"}],"wp:term":[{"taxonomy":"product_cat","embeddable":true,"href":"https:\/\/www.domainedeboischampt.fr\/en\/wp-json\/wp\/v2\/product_cat?post=3643"},{"taxonomy":"product_tag","embeddable":true,"href":"https:\/\/www.domainedeboischampt.fr\/en\/wp-json\/wp\/v2\/product_tag?post=3643"}],"curies":[{"name":"wp","href":"https:\/\/api.w.org\/{rel}","templated":true}]}}